{"id":5290,"date":"2025-01-29T18:16:56","date_gmt":"2025-01-29T17:16:56","guid":{"rendered":"https:\/\/johntalabotschool.com\/vincles\/"},"modified":"2025-02-03T16:01:12","modified_gmt":"2025-02-03T15:01:12","slug":"vincles","status":"publish","type":"page","link":"https:\/\/johntalabotschool.com\/es\/vincles\/","title":{"rendered":"Vincles"},"content":{"rendered":"<p>[et_pb_section fb_built=&#8221;1&#8243; _builder_version=&#8221;4.20.0&#8243; _module_preset=&#8221;default&#8221; global_colors_info=&#8221;{}&#8221;][et_pb_row _builder_version=&#8221;4.20.0&#8243; _module_preset=&#8221;default&#8221; global_colors_info=&#8221;{}&#8221;][et_pb_column type=&#8221;4_4&#8243; _builder_version=&#8221;4.20.0&#8243; _module_preset=&#8221;default&#8221; global_colors_info=&#8221;{}&#8221;][et_pb_text _builder_version=&#8221;4.27.0&#8243; _module_preset=&#8221;default&#8221; custom_margin=&#8221;||||false|false&#8221; custom_margin_tablet=&#8221;||||false|false&#8221; custom_margin_phone=&#8221;||||false|false&#8221; custom_margin_last_edited=&#8221;off|phone&#8221; global_colors_info=&#8221;{}&#8221;]<\/p>\n<h1>Nuestra Newsletter<\/h1>\n<p>[\/et_pb_text][et_pb_text _builder_version=&#8221;4.27.0&#8243; _module_preset=&#8221;default&#8221; custom_margin=&#8221;||40px||false|false&#8221; custom_margin_tablet=&#8221;||40px||false|false&#8221; custom_margin_phone=&#8221;||20px||false|false&#8221; custom_margin_last_edited=&#8221;on|phone&#8221; hover_enabled=&#8221;0&#8243; global_colors_info=&#8221;{}&#8221; sticky_enabled=&#8221;0&#8243;]<\/p>\n<p><strong>VINCLES<\/strong> es un proyecto de comunicaci\u00f3n mensual que tiene como objetivo fomentar la conexi\u00f3n entre el colegio y su comunidad, creando una relaci\u00f3n cercana, enriquecedora y comprometida con las familias y el entorno educativo.<\/p>\n<p>[\/et_pb_text][et_pb_text _builder_version=&#8221;4.27.0&#8243; _module_preset=&#8221;default&#8221; custom_margin=&#8221;||40px||false|false&#8221; global_module=&#8221;5265&#8243; global_colors_info=&#8221;{}&#8221;]<\/p>\n<p><a class=\"btn-icona mes\" href=\"https:\/\/johntalabotschool.com\/wp-content\/uploads\/2025\/02\/VinclesEnero2025-1.pdf\" target=\"_blank\" rel=\"noopener\">VINCLES n\u00ba1 &#8211; 01\/2025<\/a><\/p>\n<p>[\/et_pb_text][et_pb_text _builder_version=&#8221;4.27.0&#8243; _module_preset=&#8221;default&#8221; custom_margin=&#8221;||40px||false|false&#8221; custom_margin_tablet=&#8221;||40px||false|false&#8221; custom_margin_phone=&#8221;||20px||false|false&#8221; custom_margin_last_edited=&#8221;on|phone&#8221; hover_enabled=&#8221;0&#8243; global_colors_info=&#8221;{}&#8221; sticky_enabled=&#8221;0&#8243;]<\/p>\n<p>En paralelo, nuestros estudiantes elaboran <strong>TALABOT REPORT<\/strong>, nuestra revista estudiantil que les convierte en aut\u00e9nticos periodistas, d\u00e1ndoles voz para investigar, redactar y publicar contenidos sobre temas de inter\u00e9s escolar y cultural. Con este proyecto educativo, fomentamos el pensamiento cr\u00edtico, la creatividad y el trabajo en equipo, adem\u00e1s de potenciar sus habilidades de comunicaci\u00f3n. A trav\u00e9s de este enlace, podr\u00e9is acceder siempre a la versi\u00f3n actualizada del <strong>TALABOT REPORT: <a href=\"https:\/\/talabot.junior-report.media\/\" target=\"_blank\" rel=\"noopener\">LINK<\/a><\/strong><\/p>\n<p>[\/et_pb_text][\/et_pb_column][\/et_pb_row][\/et_pb_section]<\/p>\n","protected":false},"excerpt":{"rendered":"<p>Nuestra NewsletterVINCLES es un proyecto de comunicaci\u00f3n mensual que tiene como objetivo fomentar la conexi\u00f3n entre el colegio y su comunidad, creando una relaci\u00f3n cercana, enriquecedora y comprometida con las [&hellip;]<\/p>\n","protected":false},"author":7,"featured_media":1499,"parent":0,"menu_order":0,"comment_status":"closed","ping_status":"closed","template":"","meta":{"_et_pb_use_builder":"on","_et_pb_old_content":"","_et_gb_content_width":"","inline_featured_image":false,"footnotes":""},"class_list":["post-5290","page","type-page","status-publish","has-post-thumbnail","hentry"],"acf":[],"yoast_head":"<!-- This site is optimized with the Yoast SEO plugin v20.5 - https:\/\/yoast.com\/wordpress\/plugins\/seo\/ -->\n<title>Vincles - John Talabot School<\/title>\n<meta name=\"robots\" content=\"index, follow, max-snippet:-1, max-image-preview:large, max-video-preview:-1\" \/>\n<link rel=\"canonical\" href=\"https:\/\/johntalabotschool.com\/vincles\/\" \/>\n<meta property=\"og:locale\" content=\"es_ES\" \/>\n<meta property=\"og:type\" content=\"article\" \/>\n<meta property=\"og:title\" content=\"Vincles - John Talabot School\" \/>\n<meta property=\"og:description\" content=\"Nuestra NewsletterVINCLES es un proyecto de comunicaci\u00f3n mensual que tiene como objetivo fomentar la conexi\u00f3n entre el colegio y su comunidad, creando una relaci\u00f3n cercana, enriquecedora y comprometida con las [&hellip;]\" \/>\n<meta property=\"og:url\" content=\"https:\/\/johntalabotschool.com\/vincles\/\" \/>\n<meta property=\"og:site_name\" content=\"John Talabot School\" \/>\n<meta property=\"article:modified_time\" content=\"2025-02-03T15:01:12+00:00\" \/>\n<meta property=\"og:image\" content=\"https:\/\/johntalabotschool.com\/wp-content\/uploads\/2023\/11\/20231003_135956-scaled-e1700135411225.jpg\" \/>\n\t<meta property=\"og:image:width\" content=\"2560\" \/>\n\t<meta property=\"og:image:height\" content=\"2560\" \/>\n\t<meta property=\"og:image:type\" content=\"image\/jpeg\" \/>\n<meta name=\"twitter:card\" content=\"summary_large_image\" \/>\n<meta name=\"twitter:label1\" content=\"Tiempo de lectura\" \/>\n\t<meta name=\"twitter:data1\" content=\"1 minuto\" \/>\n<script type=\"application\/ld+json\" class=\"yoast-schema-graph\">{\"@context\":\"https:\/\/schema.org\",\"@graph\":[{\"@type\":\"WebPage\",\"@id\":\"https:\/\/johntalabotschool.com\/vincles\/\",\"url\":\"https:\/\/johntalabotschool.com\/vincles\/\",\"name\":\"Vincles - John Talabot School\",\"isPartOf\":{\"@id\":\"https:\/\/johntalabotschool.com\/#website\"},\"datePublished\":\"2025-01-29T17:16:56+00:00\",\"dateModified\":\"2025-02-03T15:01:12+00:00\",\"breadcrumb\":{\"@id\":\"https:\/\/johntalabotschool.com\/vincles\/#breadcrumb\"},\"inLanguage\":\"es\",\"potentialAction\":[{\"@type\":\"ReadAction\",\"target\":[\"https:\/\/johntalabotschool.com\/vincles\/\"]}]},{\"@type\":\"BreadcrumbList\",\"@id\":\"https:\/\/johntalabotschool.com\/vincles\/#breadcrumb\",\"itemListElement\":[{\"@type\":\"ListItem\",\"position\":1,\"name\":\"Home\",\"item\":\"https:\/\/johntalabotschool.com\/\"},{\"@type\":\"ListItem\",\"position\":2,\"name\":\"Vincles\"}]},{\"@type\":\"WebSite\",\"@id\":\"https:\/\/johntalabotschool.com\/#website\",\"url\":\"https:\/\/johntalabotschool.com\/\",\"name\":\"John Talabot School\",\"description\":\"\",\"publisher\":{\"@id\":\"https:\/\/johntalabotschool.com\/#organization\"},\"potentialAction\":[{\"@type\":\"SearchAction\",\"target\":{\"@type\":\"EntryPoint\",\"urlTemplate\":\"https:\/\/johntalabotschool.com\/?s={search_term_string}\"},\"query-input\":\"required name=search_term_string\"}],\"inLanguage\":\"es\"},{\"@type\":\"Organization\",\"@id\":\"https:\/\/johntalabotschool.com\/#organization\",\"name\":\"John Talabot School Barcelona\",\"alternateName\":\"John Talabot\",\"url\":\"https:\/\/johntalabotschool.com\/\",\"logo\":{\"@type\":\"ImageObject\",\"inLanguage\":\"es\",\"@id\":\"https:\/\/johntalabotschool.com\/#\/schema\/logo\/image\/\",\"url\":\"https:\/\/johntalabotschool.com\/wp-content\/uploads\/2023\/03\/john-talabol-logo-q.webp\",\"contentUrl\":\"https:\/\/johntalabotschool.com\/wp-content\/uploads\/2023\/03\/john-talabol-logo-q.webp\",\"width\":550,\"height\":550,\"caption\":\"John Talabot School Barcelona\"},\"image\":{\"@id\":\"https:\/\/johntalabotschool.com\/#\/schema\/logo\/image\/\"}}]}<\/script>\n<!-- \/ Yoast SEO plugin. -->","yoast_head_json":{"title":"Vincles - John Talabot School","robots":{"index":"index","follow":"follow","max-snippet":"max-snippet:-1","max-image-preview":"max-image-preview:large","max-video-preview":"max-video-preview:-1"},"canonical":"https:\/\/johntalabotschool.com\/vincles\/","og_locale":"es_ES","og_type":"article","og_title":"Vincles - John Talabot School","og_description":"Nuestra NewsletterVINCLES es un proyecto de comunicaci\u00f3n mensual que tiene como objetivo fomentar la conexi\u00f3n entre el colegio y su comunidad, creando una relaci\u00f3n cercana, enriquecedora y comprometida con las [&hellip;]","og_url":"https:\/\/johntalabotschool.com\/vincles\/","og_site_name":"John Talabot School","article_modified_time":"2025-02-03T15:01:12+00:00","og_image":[{"width":2560,"height":2560,"url":"https:\/\/johntalabotschool.com\/wp-content\/uploads\/2023\/11\/20231003_135956-scaled-e1700135411225.jpg","type":"image\/jpeg"}],"twitter_card":"summary_large_image","twitter_misc":{"Tiempo de lectura":"1 minuto"},"schema":{"@context":"https:\/\/schema.org","@graph":[{"@type":"WebPage","@id":"https:\/\/johntalabotschool.com\/vincles\/","url":"https:\/\/johntalabotschool.com\/vincles\/","name":"Vincles - John Talabot School","isPartOf":{"@id":"https:\/\/johntalabotschool.com\/#website"},"datePublished":"2025-01-29T17:16:56+00:00","dateModified":"2025-02-03T15:01:12+00:00","breadcrumb":{"@id":"https:\/\/johntalabotschool.com\/vincles\/#breadcrumb"},"inLanguage":"es","potentialAction":[{"@type":"ReadAction","target":["https:\/\/johntalabotschool.com\/vincles\/"]}]},{"@type":"BreadcrumbList","@id":"https:\/\/johntalabotschool.com\/vincles\/#breadcrumb","itemListElement":[{"@type":"ListItem","position":1,"name":"Home","item":"https:\/\/johntalabotschool.com\/"},{"@type":"ListItem","position":2,"name":"Vincles"}]},{"@type":"WebSite","@id":"https:\/\/johntalabotschool.com\/#website","url":"https:\/\/johntalabotschool.com\/","name":"John Talabot School","description":"","publisher":{"@id":"https:\/\/johntalabotschool.com\/#organization"},"potentialAction":[{"@type":"SearchAction","target":{"@type":"EntryPoint","urlTemplate":"https:\/\/johntalabotschool.com\/?s={search_term_string}"},"query-input":"required name=search_term_string"}],"inLanguage":"es"},{"@type":"Organization","@id":"https:\/\/johntalabotschool.com\/#organization","name":"John Talabot School Barcelona","alternateName":"John Talabot","url":"https:\/\/johntalabotschool.com\/","logo":{"@type":"ImageObject","inLanguage":"es","@id":"https:\/\/johntalabotschool.com\/#\/schema\/logo\/image\/","url":"https:\/\/johntalabotschool.com\/wp-content\/uploads\/2023\/03\/john-talabol-logo-q.webp","contentUrl":"https:\/\/johntalabotschool.com\/wp-content\/uploads\/2023\/03\/john-talabol-logo-q.webp","width":550,"height":550,"caption":"John Talabot School Barcelona"},"image":{"@id":"https:\/\/johntalabotschool.com\/#\/schema\/logo\/image\/"}}]}},"_links":{"self":[{"href":"https:\/\/johntalabotschool.com\/es\/wp-json\/wp\/v2\/pages\/5290","targetHints":{"allow":["GET"]}}],"collection":[{"href":"https:\/\/johntalabotschool.com\/es\/wp-json\/wp\/v2\/pages"}],"about":[{"href":"https:\/\/johntalabotschool.com\/es\/wp-json\/wp\/v2\/types\/page"}],"author":[{"embeddable":true,"href":"https:\/\/johntalabotschool.com\/es\/wp-json\/wp\/v2\/users\/7"}],"replies":[{"embeddable":true,"href":"https:\/\/johntalabotschool.com\/es\/wp-json\/wp\/v2\/comments?post=5290"}],"version-history":[{"count":3,"href":"https:\/\/johntalabotschool.com\/es\/wp-json\/wp\/v2\/pages\/5290\/revisions"}],"predecessor-version":[{"id":5375,"href":"https:\/\/johntalabotschool.com\/es\/wp-json\/wp\/v2\/pages\/5290\/revisions\/5375"}],"wp:featuredmedia":[{"embeddable":true,"href":"https:\/\/johntalabotschool.com\/es\/wp-json\/wp\/v2\/media\/1499"}],"wp:attachment":[{"href":"https:\/\/johntalabotschool.com\/es\/wp-json\/wp\/v2\/media?parent=5290"}],"curies":[{"name":"wp","href":"https:\/\/api.w.org\/{rel}","templated":true}]}}