{"id":1138,"date":"2023-04-07T17:38:00","date_gmt":"2023-04-07T15:38:00","guid":{"rendered":"https:\/\/johntalabotschool.com\/how-do-we-understand-education\/"},"modified":"2023-04-07T17:50:27","modified_gmt":"2023-04-07T15:50:27","slug":"como-entendemos-la-educacion","status":"publish","type":"page","link":"https:\/\/johntalabotschool.com\/es\/como-entendemos-la-educacion\/","title":{"rendered":"\u00bfC\u00f3mo entendemos la educaci\u00f3n?"},"content":{"rendered":"<p>[et_pb_section fb_built=&#8221;1&#8243; _builder_version=&#8221;4.20.0&#8243; _module_preset=&#8221;default&#8221; global_colors_info=&#8221;{}&#8221;][et_pb_row _builder_version=&#8221;4.20.0&#8243; _module_preset=&#8221;default&#8221; global_colors_info=&#8221;{}&#8221;][et_pb_column type=&#8221;4_4&#8243; _builder_version=&#8221;4.20.0&#8243; _module_preset=&#8221;default&#8221; global_colors_info=&#8221;{}&#8221;][et_pb_text _builder_version=&#8221;4.20.0&#8243; _module_preset=&#8221;default&#8221; hover_enabled=&#8221;0&#8243; global_colors_info=&#8221;{}&#8221; sticky_enabled=&#8221;0&#8243;]<\/p>\n<h1>\u00bfC\u00f3mo entendemos la educaci\u00f3n?<\/h1>\n<p>La comunidad educativa John Talabot reflejamos en nuestra labor diaria unos VALORES COMPARTIDOS: entendemos que somos modelo de aprendizaje para nuestros alumnos y compartimos la responsabilidad de acompa\u00f1arlos en su formaci\u00f3n como personas.<\/p>\n<p>Aprendemos en lengua inglesa porque creemos que proporciona riqueza cultural y es la clave que nos abre al mundo actual y futuro.<\/p>\n<p>Tenemos un trato cercano y personalizado entre todos los miembros de la comunidad escolar, siempre bajo el paraguas del respeto, la asertividad y la buena educaci\u00f3n. El\/la alumno\/a tiene que crecer acompa\u00f1ado.<\/p>\n<p>Damos respuesta a las necesidades tanto acad\u00e9micas como personales del alumnado.<\/p>\n<p>Conocemos el marco vivencial de cada alumno\/a con el fin de que el colegio pueda ser una herramienta orientadora para el alumno\/a y familia.<\/p>\n<p>Orientamos el aprendizaje de cada alumno para potenciar al m\u00e1ximo sus posibilidades y sus talentos.<\/p>\n<p>Tratamos al alumnado seg\u00fan el principio de equidad: cada alumno\/a debe ser evaluado seg\u00fan sus capacidades\/habilidades y a la vez con una vocaci\u00f3n incondicional de excelencia.<\/p>\n<p>Impulsamos la motivaci\u00f3n y las ganas de aprender en nuestro alumnado. Por ello acercamos los contenidos a la vida diaria de los ni\u00f1os. El objetivo es poder aplicar aquello que aprenden.<\/p>\n<p>Entendemos la educaci\u00f3n como la clave de las oportunidades para superar las desigualdades y crear una sociedad mejor, m\u00e1s justa y m\u00e1s desarrollada.<\/p>\n<p>Somos autocr\u00edticos y transparentes: tenemos la actitud de querer formarnos y de siempre mejorar como docentes.<\/p>\n<p>Trabajamos con personas y esto implica tener una actitud abierta, flexible y conciliadora.<\/p>\n<p>Queremos convivir y ense\u00f1ar a convivir: en el di\u00e1logo, con coherencia, con integridad y honestidad, con una actitud positiva y responsable.<\/p>\n<p>[\/et_pb_text][\/et_pb_column][\/et_pb_row][\/et_pb_section]<\/p>\n","protected":false},"excerpt":{"rendered":"<p>\u00bfC\u00f3mo entendemos la educaci\u00f3n? La comunidad educativa John Talabot reflejamos en nuestra labor diaria unos VALORES COMPARTIDOS: entendemos que somos modelo de aprendizaje para nuestros alumnos y compartimos la responsabilidad [&hellip;]<\/p>\n","protected":false},"author":1,"featured_media":7507,"parent":0,"menu_order":0,"comment_status":"closed","ping_status":"closed","template":"","meta":{"_et_pb_use_builder":"on","_et_pb_old_content":"","_et_gb_content_width":"","inline_featured_image":false,"footnotes":""},"class_list":["post-1138","page","type-page","status-publish","has-post-thumbnail","hentry"],"acf":[],"yoast_head":"<!-- This site is optimized with the Yoast SEO plugin v20.5 - https:\/\/yoast.com\/wordpress\/plugins\/seo\/ -->\n<title>\u00bfC\u00f3mo entendemos la educaci\u00f3n? - John Talabot School<\/title>\n<meta name=\"robots\" content=\"index, follow, max-snippet:-1, max-image-preview:large, max-video-preview:-1\" \/>\n<link rel=\"canonical\" href=\"https:\/\/johntalabotschool.com\/es\/como-entendemos-la-educacion\/\" \/>\n<meta property=\"og:locale\" content=\"es_ES\" \/>\n<meta property=\"og:type\" content=\"article\" \/>\n<meta property=\"og:title\" content=\"\u00bfC\u00f3mo entendemos la educaci\u00f3n? - John Talabot School\" \/>\n<meta property=\"og:description\" content=\"\u00bfC\u00f3mo entendemos la educaci\u00f3n? La comunidad educativa John Talabot reflejamos en nuestra labor diaria unos VALORES COMPARTIDOS: entendemos que somos modelo de aprendizaje para nuestros alumnos y compartimos la responsabilidad [&hellip;]\" \/>\n<meta property=\"og:url\" content=\"https:\/\/johntalabotschool.com\/es\/como-entendemos-la-educacion\/\" \/>\n<meta property=\"og:site_name\" content=\"John Talabot School\" \/>\n<meta property=\"article:modified_time\" content=\"2023-04-07T15:50:27+00:00\" \/>\n<meta property=\"og:image\" content=\"https:\/\/johntalabotschool.com\/wp-content\/uploads\/2023\/03\/background-image3.webp\" \/>\n\t<meta property=\"og:image:width\" content=\"2000\" \/>\n\t<meta property=\"og:image:height\" content=\"746\" \/>\n\t<meta property=\"og:image:type\" content=\"image\/webp\" \/>\n<meta name=\"twitter:card\" content=\"summary_large_image\" \/>\n<meta name=\"twitter:label1\" content=\"Tiempo de lectura\" \/>\n\t<meta name=\"twitter:data1\" content=\"2 minutos\" \/>\n<script type=\"application\/ld+json\" class=\"yoast-schema-graph\">{\"@context\":\"https:\/\/schema.org\",\"@graph\":[{\"@type\":\"WebPage\",\"@id\":\"https:\/\/johntalabotschool.com\/es\/como-entendemos-la-educacion\/\",\"url\":\"https:\/\/johntalabotschool.com\/es\/como-entendemos-la-educacion\/\",\"name\":\"\u00bfC\u00f3mo entendemos la educaci\u00f3n? - John Talabot School\",\"isPartOf\":{\"@id\":\"https:\/\/johntalabotschool.com\/#website\"},\"datePublished\":\"2023-04-07T15:38:00+00:00\",\"dateModified\":\"2023-04-07T15:50:27+00:00\",\"breadcrumb\":{\"@id\":\"https:\/\/johntalabotschool.com\/es\/como-entendemos-la-educacion\/#breadcrumb\"},\"inLanguage\":\"es\",\"potentialAction\":[{\"@type\":\"ReadAction\",\"target\":[\"https:\/\/johntalabotschool.com\/es\/como-entendemos-la-educacion\/\"]}]},{\"@type\":\"BreadcrumbList\",\"@id\":\"https:\/\/johntalabotschool.com\/es\/como-entendemos-la-educacion\/#breadcrumb\",\"itemListElement\":[{\"@type\":\"ListItem\",\"position\":1,\"name\":\"Home\",\"item\":\"https:\/\/johntalabotschool.com\/\"},{\"@type\":\"ListItem\",\"position\":2,\"name\":\"\u00bfC\u00f3mo entendemos la educaci\u00f3n?\"}]},{\"@type\":\"WebSite\",\"@id\":\"https:\/\/johntalabotschool.com\/#website\",\"url\":\"https:\/\/johntalabotschool.com\/\",\"name\":\"John Talabot School\",\"description\":\"\",\"publisher\":{\"@id\":\"https:\/\/johntalabotschool.com\/#organization\"},\"potentialAction\":[{\"@type\":\"SearchAction\",\"target\":{\"@type\":\"EntryPoint\",\"urlTemplate\":\"https:\/\/johntalabotschool.com\/?s={search_term_string}\"},\"query-input\":\"required name=search_term_string\"}],\"inLanguage\":\"es\"},{\"@type\":\"Organization\",\"@id\":\"https:\/\/johntalabotschool.com\/#organization\",\"name\":\"John Talabot School Barcelona\",\"alternateName\":\"John Talabot\",\"url\":\"https:\/\/johntalabotschool.com\/\",\"logo\":{\"@type\":\"ImageObject\",\"inLanguage\":\"es\",\"@id\":\"https:\/\/johntalabotschool.com\/#\/schema\/logo\/image\/\",\"url\":\"https:\/\/johntalabotschool.com\/wp-content\/uploads\/2023\/03\/john-talabol-logo-q.webp\",\"contentUrl\":\"https:\/\/johntalabotschool.com\/wp-content\/uploads\/2023\/03\/john-talabol-logo-q.webp\",\"width\":550,\"height\":550,\"caption\":\"John Talabot School Barcelona\"},\"image\":{\"@id\":\"https:\/\/johntalabotschool.com\/#\/schema\/logo\/image\/\"}}]}<\/script>\n<!-- \/ Yoast SEO plugin. -->","yoast_head_json":{"title":"\u00bfC\u00f3mo entendemos la educaci\u00f3n? - John Talabot School","robots":{"index":"index","follow":"follow","max-snippet":"max-snippet:-1","max-image-preview":"max-image-preview:large","max-video-preview":"max-video-preview:-1"},"canonical":"https:\/\/johntalabotschool.com\/es\/como-entendemos-la-educacion\/","og_locale":"es_ES","og_type":"article","og_title":"\u00bfC\u00f3mo entendemos la educaci\u00f3n? - John Talabot School","og_description":"\u00bfC\u00f3mo entendemos la educaci\u00f3n? La comunidad educativa John Talabot reflejamos en nuestra labor diaria unos VALORES COMPARTIDOS: entendemos que somos modelo de aprendizaje para nuestros alumnos y compartimos la responsabilidad [&hellip;]","og_url":"https:\/\/johntalabotschool.com\/es\/como-entendemos-la-educacion\/","og_site_name":"John Talabot School","article_modified_time":"2023-04-07T15:50:27+00:00","og_image":[{"width":2000,"height":746,"url":"https:\/\/johntalabotschool.com\/wp-content\/uploads\/2023\/03\/background-image3.webp","type":"image\/webp"}],"twitter_card":"summary_large_image","twitter_misc":{"Tiempo de lectura":"2 minutos"},"schema":{"@context":"https:\/\/schema.org","@graph":[{"@type":"WebPage","@id":"https:\/\/johntalabotschool.com\/es\/como-entendemos-la-educacion\/","url":"https:\/\/johntalabotschool.com\/es\/como-entendemos-la-educacion\/","name":"\u00bfC\u00f3mo entendemos la educaci\u00f3n? - John Talabot School","isPartOf":{"@id":"https:\/\/johntalabotschool.com\/#website"},"datePublished":"2023-04-07T15:38:00+00:00","dateModified":"2023-04-07T15:50:27+00:00","breadcrumb":{"@id":"https:\/\/johntalabotschool.com\/es\/como-entendemos-la-educacion\/#breadcrumb"},"inLanguage":"es","potentialAction":[{"@type":"ReadAction","target":["https:\/\/johntalabotschool.com\/es\/como-entendemos-la-educacion\/"]}]},{"@type":"BreadcrumbList","@id":"https:\/\/johntalabotschool.com\/es\/como-entendemos-la-educacion\/#breadcrumb","itemListElement":[{"@type":"ListItem","position":1,"name":"Home","item":"https:\/\/johntalabotschool.com\/"},{"@type":"ListItem","position":2,"name":"\u00bfC\u00f3mo entendemos la educaci\u00f3n?"}]},{"@type":"WebSite","@id":"https:\/\/johntalabotschool.com\/#website","url":"https:\/\/johntalabotschool.com\/","name":"John Talabot School","description":"","publisher":{"@id":"https:\/\/johntalabotschool.com\/#organization"},"potentialAction":[{"@type":"SearchAction","target":{"@type":"EntryPoint","urlTemplate":"https:\/\/johntalabotschool.com\/?s={search_term_string}"},"query-input":"required name=search_term_string"}],"inLanguage":"es"},{"@type":"Organization","@id":"https:\/\/johntalabotschool.com\/#organization","name":"John Talabot School Barcelona","alternateName":"John Talabot","url":"https:\/\/johntalabotschool.com\/","logo":{"@type":"ImageObject","inLanguage":"es","@id":"https:\/\/johntalabotschool.com\/#\/schema\/logo\/image\/","url":"https:\/\/johntalabotschool.com\/wp-content\/uploads\/2023\/03\/john-talabol-logo-q.webp","contentUrl":"https:\/\/johntalabotschool.com\/wp-content\/uploads\/2023\/03\/john-talabol-logo-q.webp","width":550,"height":550,"caption":"John Talabot School Barcelona"},"image":{"@id":"https:\/\/johntalabotschool.com\/#\/schema\/logo\/image\/"}}]}},"_links":{"self":[{"href":"https:\/\/johntalabotschool.com\/es\/wp-json\/wp\/v2\/pages\/1138","targetHints":{"allow":["GET"]}}],"collection":[{"href":"https:\/\/johntalabotschool.com\/es\/wp-json\/wp\/v2\/pages"}],"about":[{"href":"https:\/\/johntalabotschool.com\/es\/wp-json\/wp\/v2\/types\/page"}],"author":[{"embeddable":true,"href":"https:\/\/johntalabotschool.com\/es\/wp-json\/wp\/v2\/users\/1"}],"replies":[{"embeddable":true,"href":"https:\/\/johntalabotschool.com\/es\/wp-json\/wp\/v2\/comments?post=1138"}],"version-history":[{"count":2,"href":"https:\/\/johntalabotschool.com\/es\/wp-json\/wp\/v2\/pages\/1138\/revisions"}],"predecessor-version":[{"id":1145,"href":"https:\/\/johntalabotschool.com\/es\/wp-json\/wp\/v2\/pages\/1138\/revisions\/1145"}],"wp:featuredmedia":[{"embeddable":true,"href":"https:\/\/johntalabotschool.com\/es\/wp-json\/wp\/v2\/media\/7507"}],"wp:attachment":[{"href":"https:\/\/johntalabotschool.com\/es\/wp-json\/wp\/v2\/media?parent=1138"}],"curies":[{"name":"wp","href":"https:\/\/api.w.org\/{rel}","templated":true}]}}