{"id":1099,"date":"2023-03-24T07:49:52","date_gmt":"2023-03-24T06:49:52","guid":{"rendered":"https:\/\/johntalabotschool.com\/summer-day-camp\/"},"modified":"2023-11-15T13:53:58","modified_gmt":"2023-11-15T11:53:58","slug":"summer-day-camp","status":"publish","type":"page","link":"https:\/\/johntalabotschool.com\/es\/summer-day-camp\/","title":{"rendered":"Summer Day Camp"},"content":{"rendered":"<p>[et_pb_section fb_built=&#8221;1&#8243; _builder_version=&#8221;4.20.0&#8243; _module_preset=&#8221;default&#8221; global_colors_info=&#8221;{}&#8221;][et_pb_row _builder_version=&#8221;4.20.0&#8243; _module_preset=&#8221;default&#8221; global_colors_info=&#8221;{}&#8221;][et_pb_column type=&#8221;4_4&#8243; _builder_version=&#8221;4.20.0&#8243; _module_preset=&#8221;default&#8221; global_colors_info=&#8221;{}&#8221;][et_pb_text _builder_version=&#8221;4.20.4&#8243; _module_preset=&#8221;default&#8221; hover_enabled=&#8221;0&#8243; global_colors_info=&#8221;{}&#8221; sticky_enabled=&#8221;0&#8243;]<\/p>\n<h1>Summer Day Camp<\/h1>\n<p>En el marco de nuestro programa de servicios a las familias ofrecemos un Summer Day Camp personalizado, divertido y estimulante que se lleva a cabo en el campus de nuestra escuela tanto para nuestro alumnado John Talabot como para participantes externos. Es un programa de d\u00eda completo de lunes a viernes.<\/p>\n<p>El propio equipo de habla inglesa del centro organiza un divertido programa de verano para promover y maximizar la experiencia l\u00fadica en ingl\u00e9s.<\/p>\n<p>Los campamentos se organizan espec\u00edficamente para ni\u00f1os y ni\u00f1as de entre 3 y 6 a\u00f1os. Durante tres semanas el programa incluye clases de nataci\u00f3n y una serie de divertidas y emocionantes actividades veraniegas organizadas por nuestro experimentado equipo escolar, en un ambiente familiar muy distendido.<\/p>\n<p>Se organiza en nuestro recinto escolar, un entorno totalmente pensado y dise\u00f1ado para que los m\u00e1s peque\u00f1os se sientan relajados as\u00ed como facilitar a los participantes externos que se adapten lo antes posible a su nueva rutina y grupo.<\/p>\n<p>El \u00e9xito de nuestro campamento es el ambiente familiar y experiencia tranquila y positiva por tanto mantenemos un n\u00famero de plazas limitadas.<\/p>\n<p>Si est\u00e1s interesado\/a en recibir m\u00e1s informaci\u00f3n contacta con nuestra coordinadora del programa.<\/p>\n<h2>M\u00e1s informaci\u00f3n<\/h2>\n<p><a href=\"mailto:eizquierdo@johntalabot.com?subject=SUMMER CAMP\">eizquierdo@johntalabot.com<\/a><\/p>\n<p>[\/et_pb_text][\/et_pb_column][\/et_pb_row][\/et_pb_section]<\/p>\n","protected":false},"excerpt":{"rendered":"<p>Summer Day Camp En el marco de nuestro programa de servicios a las familias ofrecemos un Summer Day Camp personalizado, divertido y estimulante que se lleva a cabo en el [&hellip;]<\/p>\n","protected":false},"author":1,"featured_media":7453,"parent":0,"menu_order":0,"comment_status":"closed","ping_status":"closed","template":"","meta":{"_et_pb_use_builder":"on","_et_pb_old_content":"","_et_gb_content_width":"","inline_featured_image":false,"footnotes":""},"class_list":["post-1099","page","type-page","status-publish","has-post-thumbnail","hentry"],"acf":[],"yoast_head":"<!-- This site is optimized with the Yoast SEO plugin v20.5 - https:\/\/yoast.com\/wordpress\/plugins\/seo\/ -->\n<title>Summer Day Camp - John Talabot School<\/title>\n<meta name=\"robots\" content=\"index, follow, max-snippet:-1, max-image-preview:large, max-video-preview:-1\" \/>\n<link rel=\"canonical\" href=\"https:\/\/johntalabotschool.com\/summer-day-camp\/\" \/>\n<meta property=\"og:locale\" content=\"es_ES\" \/>\n<meta property=\"og:type\" content=\"article\" \/>\n<meta property=\"og:title\" content=\"Summer Day Camp - John Talabot School\" \/>\n<meta property=\"og:description\" content=\"Summer Day Camp En el marco de nuestro programa de servicios a las familias ofrecemos un Summer Day Camp personalizado, divertido y estimulante que se lleva a cabo en el [&hellip;]\" \/>\n<meta property=\"og:url\" content=\"https:\/\/johntalabotschool.com\/summer-day-camp\/\" \/>\n<meta property=\"og:site_name\" content=\"John Talabot School\" \/>\n<meta property=\"article:modified_time\" content=\"2023-11-15T11:53:58+00:00\" \/>\n<meta property=\"og:image\" content=\"https:\/\/johntalabotschool.com\/wp-content\/uploads\/2023\/03\/background-image10.webp\" \/>\n\t<meta property=\"og:image:width\" content=\"2000\" \/>\n\t<meta property=\"og:image:height\" content=\"746\" \/>\n\t<meta property=\"og:image:type\" content=\"image\/webp\" \/>\n<meta name=\"twitter:card\" content=\"summary_large_image\" \/>\n<script type=\"application\/ld+json\" class=\"yoast-schema-graph\">{\"@context\":\"https:\/\/schema.org\",\"@graph\":[{\"@type\":\"WebPage\",\"@id\":\"https:\/\/johntalabotschool.com\/summer-day-camp\/\",\"url\":\"https:\/\/johntalabotschool.com\/summer-day-camp\/\",\"name\":\"Summer Day Camp - John Talabot School\",\"isPartOf\":{\"@id\":\"https:\/\/johntalabotschool.com\/#website\"},\"datePublished\":\"2023-03-24T06:49:52+00:00\",\"dateModified\":\"2023-11-15T11:53:58+00:00\",\"breadcrumb\":{\"@id\":\"https:\/\/johntalabotschool.com\/summer-day-camp\/#breadcrumb\"},\"inLanguage\":\"es\",\"potentialAction\":[{\"@type\":\"ReadAction\",\"target\":[\"https:\/\/johntalabotschool.com\/summer-day-camp\/\"]}]},{\"@type\":\"BreadcrumbList\",\"@id\":\"https:\/\/johntalabotschool.com\/summer-day-camp\/#breadcrumb\",\"itemListElement\":[{\"@type\":\"ListItem\",\"position\":1,\"name\":\"Home\",\"item\":\"https:\/\/johntalabotschool.com\/\"},{\"@type\":\"ListItem\",\"position\":2,\"name\":\"Summer Day Camp\"}]},{\"@type\":\"WebSite\",\"@id\":\"https:\/\/johntalabotschool.com\/#website\",\"url\":\"https:\/\/johntalabotschool.com\/\",\"name\":\"John Talabot School\",\"description\":\"\",\"publisher\":{\"@id\":\"https:\/\/johntalabotschool.com\/#organization\"},\"potentialAction\":[{\"@type\":\"SearchAction\",\"target\":{\"@type\":\"EntryPoint\",\"urlTemplate\":\"https:\/\/johntalabotschool.com\/?s={search_term_string}\"},\"query-input\":\"required name=search_term_string\"}],\"inLanguage\":\"es\"},{\"@type\":\"Organization\",\"@id\":\"https:\/\/johntalabotschool.com\/#organization\",\"name\":\"John Talabot School Barcelona\",\"alternateName\":\"John Talabot\",\"url\":\"https:\/\/johntalabotschool.com\/\",\"logo\":{\"@type\":\"ImageObject\",\"inLanguage\":\"es\",\"@id\":\"https:\/\/johntalabotschool.com\/#\/schema\/logo\/image\/\",\"url\":\"https:\/\/johntalabotschool.com\/wp-content\/uploads\/2023\/03\/john-talabol-logo-q.webp\",\"contentUrl\":\"https:\/\/johntalabotschool.com\/wp-content\/uploads\/2023\/03\/john-talabol-logo-q.webp\",\"width\":550,\"height\":550,\"caption\":\"John Talabot School Barcelona\"},\"image\":{\"@id\":\"https:\/\/johntalabotschool.com\/#\/schema\/logo\/image\/\"}}]}<\/script>\n<!-- \/ Yoast SEO plugin. -->","yoast_head_json":{"title":"Summer Day Camp - John Talabot School","robots":{"index":"index","follow":"follow","max-snippet":"max-snippet:-1","max-image-preview":"max-image-preview:large","max-video-preview":"max-video-preview:-1"},"canonical":"https:\/\/johntalabotschool.com\/summer-day-camp\/","og_locale":"es_ES","og_type":"article","og_title":"Summer Day Camp - John Talabot School","og_description":"Summer Day Camp En el marco de nuestro programa de servicios a las familias ofrecemos un Summer Day Camp personalizado, divertido y estimulante que se lleva a cabo en el [&hellip;]","og_url":"https:\/\/johntalabotschool.com\/summer-day-camp\/","og_site_name":"John Talabot School","article_modified_time":"2023-11-15T11:53:58+00:00","og_image":[{"width":2000,"height":746,"url":"https:\/\/johntalabotschool.com\/wp-content\/uploads\/2023\/03\/background-image10.webp","type":"image\/webp"}],"twitter_card":"summary_large_image","schema":{"@context":"https:\/\/schema.org","@graph":[{"@type":"WebPage","@id":"https:\/\/johntalabotschool.com\/summer-day-camp\/","url":"https:\/\/johntalabotschool.com\/summer-day-camp\/","name":"Summer Day Camp - John Talabot School","isPartOf":{"@id":"https:\/\/johntalabotschool.com\/#website"},"datePublished":"2023-03-24T06:49:52+00:00","dateModified":"2023-11-15T11:53:58+00:00","breadcrumb":{"@id":"https:\/\/johntalabotschool.com\/summer-day-camp\/#breadcrumb"},"inLanguage":"es","potentialAction":[{"@type":"ReadAction","target":["https:\/\/johntalabotschool.com\/summer-day-camp\/"]}]},{"@type":"BreadcrumbList","@id":"https:\/\/johntalabotschool.com\/summer-day-camp\/#breadcrumb","itemListElement":[{"@type":"ListItem","position":1,"name":"Home","item":"https:\/\/johntalabotschool.com\/"},{"@type":"ListItem","position":2,"name":"Summer Day Camp"}]},{"@type":"WebSite","@id":"https:\/\/johntalabotschool.com\/#website","url":"https:\/\/johntalabotschool.com\/","name":"John Talabot School","description":"","publisher":{"@id":"https:\/\/johntalabotschool.com\/#organization"},"potentialAction":[{"@type":"SearchAction","target":{"@type":"EntryPoint","urlTemplate":"https:\/\/johntalabotschool.com\/?s={search_term_string}"},"query-input":"required name=search_term_string"}],"inLanguage":"es"},{"@type":"Organization","@id":"https:\/\/johntalabotschool.com\/#organization","name":"John Talabot School Barcelona","alternateName":"John Talabot","url":"https:\/\/johntalabotschool.com\/","logo":{"@type":"ImageObject","inLanguage":"es","@id":"https:\/\/johntalabotschool.com\/#\/schema\/logo\/image\/","url":"https:\/\/johntalabotschool.com\/wp-content\/uploads\/2023\/03\/john-talabol-logo-q.webp","contentUrl":"https:\/\/johntalabotschool.com\/wp-content\/uploads\/2023\/03\/john-talabol-logo-q.webp","width":550,"height":550,"caption":"John Talabot School Barcelona"},"image":{"@id":"https:\/\/johntalabotschool.com\/#\/schema\/logo\/image\/"}}]}},"_links":{"self":[{"href":"https:\/\/johntalabotschool.com\/es\/wp-json\/wp\/v2\/pages\/1099","targetHints":{"allow":["GET"]}}],"collection":[{"href":"https:\/\/johntalabotschool.com\/es\/wp-json\/wp\/v2\/pages"}],"about":[{"href":"https:\/\/johntalabotschool.com\/es\/wp-json\/wp\/v2\/types\/page"}],"author":[{"embeddable":true,"href":"https:\/\/johntalabotschool.com\/es\/wp-json\/wp\/v2\/users\/1"}],"replies":[{"embeddable":true,"href":"https:\/\/johntalabotschool.com\/es\/wp-json\/wp\/v2\/comments?post=1099"}],"version-history":[{"count":2,"href":"https:\/\/johntalabotschool.com\/es\/wp-json\/wp\/v2\/pages\/1099\/revisions"}],"predecessor-version":[{"id":1417,"href":"https:\/\/johntalabotschool.com\/es\/wp-json\/wp\/v2\/pages\/1099\/revisions\/1417"}],"wp:featuredmedia":[{"embeddable":true,"href":"https:\/\/johntalabotschool.com\/es\/wp-json\/wp\/v2\/media\/7453"}],"wp:attachment":[{"href":"https:\/\/johntalabotschool.com\/es\/wp-json\/wp\/v2\/media?parent=1099"}],"curies":[{"name":"wp","href":"https:\/\/api.w.org\/{rel}","templated":true}]}}