{"id":1022,"date":"2023-03-12T13:21:43","date_gmt":"2023-03-12T12:21:43","guid":{"rendered":"https:\/\/johntalabotschool.com\/welcoming-letter\/"},"modified":"2023-04-03T07:08:06","modified_gmt":"2023-04-03T05:08:06","slug":"carta-de-bienvenida","status":"publish","type":"page","link":"https:\/\/johntalabotschool.com\/es\/carta-de-bienvenida\/","title":{"rendered":"Carta de Bienvenida"},"content":{"rendered":"<p>[et_pb_section fb_built=&#8221;1&#8243; _builder_version=&#8221;4.20.0&#8243; _module_preset=&#8221;default&#8221; global_colors_info=&#8221;{}&#8221;][et_pb_row _builder_version=&#8221;4.20.0&#8243; _module_preset=&#8221;default&#8221; global_colors_info=&#8221;{}&#8221;][et_pb_column type=&#8221;4_4&#8243; _builder_version=&#8221;4.20.0&#8243; _module_preset=&#8221;default&#8221; global_colors_info=&#8221;{}&#8221;][et_pb_text _builder_version=&#8221;4.20.0&#8243; _module_preset=&#8221;default&#8221; hover_enabled=&#8221;0&#8243; global_colors_info=&#8221;{}&#8221; sticky_enabled=&#8221;0&#8243;]<\/p>\n<h1 class=\"titular\">Carta de Bienvenida<\/h1>\n<p>[\/et_pb_text][\/et_pb_column][\/et_pb_row][et_pb_row _builder_version=&#8221;4.20.0&#8243; _module_preset=&#8221;default&#8221; global_colors_info=&#8221;{}&#8221;][et_pb_column type=&#8221;4_4&#8243; _builder_version=&#8221;4.20.0&#8243; _module_preset=&#8221;default&#8221; global_colors_info=&#8221;{}&#8221;][et_pb_text _builder_version=&#8221;4.20.0&#8243; _module_preset=&#8221;default&#8221; hover_enabled=&#8221;0&#8243; global_colors_info=&#8221;{}&#8221; sticky_enabled=&#8221;0&#8243;]<\/p>\n<p>Bienvenidos al colegio John Talabot, un centro educativo donde cada uno de nuestros alumnos y alumnas encuentra su lugar.<\/p>\n<p>Somos un colegio familiar con una clase por curso y esto nos permite atender las necesidades de cada uno de nuestros alumnos. Desde las edades m\u00e1s tempranas, los ni\u00f1os y ni\u00f1as crecen en un entorno de seguridad y afecto que les permite desarrollar su autoestima y de este modo pueden asumir sus derechos y obligaciones escolares con tranquilidad.<\/p>\n<p>Creemos que hay que respetar la etapa evolutiva y de madurez en la cual se encuentra cada alumno pero sin dejar de estimular, animar y exigir, d\u00eda a d\u00eda, ser m\u00e1s aut\u00f3nomos a nivel personal y acad\u00e9mico.<\/p>\n<p>A lo largo de los primeros a\u00f1os de escolaridad tenemos como objetivo la felicidad de nuestros alumnos en su colegio, de forma que los aprendizajes se adquieran en un ambiente relajado y en torno a sus vivencias personales.<\/p>\n<p>La primaria es la dulce etapa en la cual podemos potenciar en nuestros alumnos el inter\u00e9s y la motivaci\u00f3n por aprender. Ya en la adolescencia, buscamos un mayor grado de responsabilidad y autonom\u00eda, todo ello en un clima exigente pero cercano.<\/p>\n<p>El triling\u00fcismo es el eje de nuestro proyecto educativo. Crecer en un entorno internacional proporciona a nuestro alumnado un beneficio acad\u00e9mico y gran riqueza cultural, todo ello basado en el valor de la convivencia.<\/p>\n<p>\u00c9sta empieza en nuestro profesorado donde gran parte del equipo proviene de diferentes partes del mundo anglosaj\u00f3n de forma que cada uno aporta su cultura, su experiencia y diferentes estilos de expresar su gran vocaci\u00f3n pedag\u00f3gica.<\/p>\n<p>Todo el equipo del Colegio John Talabot tiene en com\u00fan la pasi\u00f3n por ense\u00f1ar, unos valores que nos unen en nuestro cometido y el esp\u00edritu de compartir vivencias con nuestros alumnos. Su bienestar emocional, acad\u00e9mico y su completo desarrollo son nuestra prioridad.<\/p>\n<p>Como Directora de este colegio no quiero despedirme sin expresar el orgullo que siento por los profesionales que hacen posible este colegio, por los alumnos que se forman y se han formado en \u00e9l y, en definitiva, por este proyecto tan singular y tan cuidado que cada d\u00eda crece con afecto, dedicaci\u00f3n y solidez.<\/p>\n<p>Bienvenidos al Colegio John Talabot.<\/p>\n<p><img loading=\"lazy\" decoding=\"async\" class=\"wp-image-844 alignnone size-thumbnail\" src=\"https:\/\/johntalabotschool.com\/wp-content\/uploads\/2023\/03\/1Caterin-Triay-Directora-1-150x150.jpg\" alt=\"\" width=\"150\" height=\"150\" srcset=\"https:\/\/johntalabotschool.com\/wp-content\/uploads\/2023\/03\/1Caterin-Triay-Directora-1-150x150.jpg 150w, https:\/\/johntalabotschool.com\/wp-content\/uploads\/2023\/03\/1Caterin-Triay-Directora-1-300x300.jpg 300w, https:\/\/johntalabotschool.com\/wp-content\/uploads\/2023\/03\/1Caterin-Triay-Directora-1.jpg 425w\" sizes=\"auto, (max-width: 150px) 100vw, 150px\" \/><\/p>\n<p><strong>Cater\u00edn Triay <\/strong><\/p>\n<p><strong>Headteacher.<\/strong><\/p>\n<p>[\/et_pb_text][\/et_pb_column][\/et_pb_row][\/et_pb_section]<\/p>\n","protected":false},"excerpt":{"rendered":"<p>Carta de BienvenidaBienvenidos al colegio John Talabot, un centro educativo donde cada uno de nuestros alumnos y alumnas encuentra su lugar. Somos un colegio familiar con una clase por curso [&hellip;]<\/p>\n","protected":false},"author":1,"featured_media":7510,"parent":0,"menu_order":0,"comment_status":"closed","ping_status":"closed","template":"","meta":{"_et_pb_use_builder":"on","_et_pb_old_content":"","_et_gb_content_width":"","inline_featured_image":false,"footnotes":""},"class_list":["post-1022","page","type-page","status-publish","has-post-thumbnail","hentry"],"acf":[],"yoast_head":"<!-- This site is optimized with the Yoast SEO plugin v20.5 - https:\/\/yoast.com\/wordpress\/plugins\/seo\/ -->\n<title>Carta de Bienvenida - John Talabot School<\/title>\n<meta name=\"robots\" content=\"index, follow, max-snippet:-1, max-image-preview:large, max-video-preview:-1\" \/>\n<link rel=\"canonical\" href=\"https:\/\/johntalabotschool.com\/es\/carta-de-bienvenida\/\" \/>\n<meta property=\"og:locale\" content=\"es_ES\" \/>\n<meta property=\"og:type\" content=\"article\" \/>\n<meta property=\"og:title\" content=\"Carta de Bienvenida - John Talabot School\" \/>\n<meta property=\"og:description\" content=\"Carta de BienvenidaBienvenidos al colegio John Talabot, un centro educativo donde cada uno de nuestros alumnos y alumnas encuentra su lugar. Somos un colegio familiar con una clase por curso [&hellip;]\" \/>\n<meta property=\"og:url\" content=\"https:\/\/johntalabotschool.com\/es\/carta-de-bienvenida\/\" \/>\n<meta property=\"og:site_name\" content=\"John Talabot School\" \/>\n<meta property=\"article:modified_time\" content=\"2023-04-03T05:08:06+00:00\" \/>\n<meta property=\"og:image\" content=\"https:\/\/johntalabotschool.com\/wp-content\/uploads\/2023\/03\/background-image3.webp\" \/>\n\t<meta property=\"og:image:width\" content=\"2000\" \/>\n\t<meta property=\"og:image:height\" content=\"746\" \/>\n\t<meta property=\"og:image:type\" content=\"image\/webp\" \/>\n<meta name=\"twitter:card\" content=\"summary_large_image\" \/>\n<meta name=\"twitter:label1\" content=\"Tiempo de lectura\" \/>\n\t<meta name=\"twitter:data1\" content=\"2 minutos\" \/>\n<script type=\"application\/ld+json\" class=\"yoast-schema-graph\">{\"@context\":\"https:\/\/schema.org\",\"@graph\":[{\"@type\":\"WebPage\",\"@id\":\"https:\/\/johntalabotschool.com\/es\/carta-de-bienvenida\/\",\"url\":\"https:\/\/johntalabotschool.com\/es\/carta-de-bienvenida\/\",\"name\":\"Carta de Bienvenida - John Talabot School\",\"isPartOf\":{\"@id\":\"https:\/\/johntalabotschool.com\/#website\"},\"datePublished\":\"2023-03-12T12:21:43+00:00\",\"dateModified\":\"2023-04-03T05:08:06+00:00\",\"breadcrumb\":{\"@id\":\"https:\/\/johntalabotschool.com\/es\/carta-de-bienvenida\/#breadcrumb\"},\"inLanguage\":\"es\",\"potentialAction\":[{\"@type\":\"ReadAction\",\"target\":[\"https:\/\/johntalabotschool.com\/es\/carta-de-bienvenida\/\"]}]},{\"@type\":\"BreadcrumbList\",\"@id\":\"https:\/\/johntalabotschool.com\/es\/carta-de-bienvenida\/#breadcrumb\",\"itemListElement\":[{\"@type\":\"ListItem\",\"position\":1,\"name\":\"Home\",\"item\":\"https:\/\/johntalabotschool.com\/\"},{\"@type\":\"ListItem\",\"position\":2,\"name\":\"Carta de Bienvenida\"}]},{\"@type\":\"WebSite\",\"@id\":\"https:\/\/johntalabotschool.com\/#website\",\"url\":\"https:\/\/johntalabotschool.com\/\",\"name\":\"John Talabot School\",\"description\":\"\",\"publisher\":{\"@id\":\"https:\/\/johntalabotschool.com\/#organization\"},\"potentialAction\":[{\"@type\":\"SearchAction\",\"target\":{\"@type\":\"EntryPoint\",\"urlTemplate\":\"https:\/\/johntalabotschool.com\/?s={search_term_string}\"},\"query-input\":\"required name=search_term_string\"}],\"inLanguage\":\"es\"},{\"@type\":\"Organization\",\"@id\":\"https:\/\/johntalabotschool.com\/#organization\",\"name\":\"John Talabot School Barcelona\",\"alternateName\":\"John Talabot\",\"url\":\"https:\/\/johntalabotschool.com\/\",\"logo\":{\"@type\":\"ImageObject\",\"inLanguage\":\"es\",\"@id\":\"https:\/\/johntalabotschool.com\/#\/schema\/logo\/image\/\",\"url\":\"https:\/\/johntalabotschool.com\/wp-content\/uploads\/2023\/03\/john-talabol-logo-q.webp\",\"contentUrl\":\"https:\/\/johntalabotschool.com\/wp-content\/uploads\/2023\/03\/john-talabol-logo-q.webp\",\"width\":550,\"height\":550,\"caption\":\"John Talabot School Barcelona\"},\"image\":{\"@id\":\"https:\/\/johntalabotschool.com\/#\/schema\/logo\/image\/\"}}]}<\/script>\n<!-- \/ Yoast SEO plugin. -->","yoast_head_json":{"title":"Carta de Bienvenida - John Talabot School","robots":{"index":"index","follow":"follow","max-snippet":"max-snippet:-1","max-image-preview":"max-image-preview:large","max-video-preview":"max-video-preview:-1"},"canonical":"https:\/\/johntalabotschool.com\/es\/carta-de-bienvenida\/","og_locale":"es_ES","og_type":"article","og_title":"Carta de Bienvenida - John Talabot School","og_description":"Carta de BienvenidaBienvenidos al colegio John Talabot, un centro educativo donde cada uno de nuestros alumnos y alumnas encuentra su lugar. Somos un colegio familiar con una clase por curso [&hellip;]","og_url":"https:\/\/johntalabotschool.com\/es\/carta-de-bienvenida\/","og_site_name":"John Talabot School","article_modified_time":"2023-04-03T05:08:06+00:00","og_image":[{"width":2000,"height":746,"url":"https:\/\/johntalabotschool.com\/wp-content\/uploads\/2023\/03\/background-image3.webp","type":"image\/webp"}],"twitter_card":"summary_large_image","twitter_misc":{"Tiempo de lectura":"2 minutos"},"schema":{"@context":"https:\/\/schema.org","@graph":[{"@type":"WebPage","@id":"https:\/\/johntalabotschool.com\/es\/carta-de-bienvenida\/","url":"https:\/\/johntalabotschool.com\/es\/carta-de-bienvenida\/","name":"Carta de Bienvenida - John Talabot School","isPartOf":{"@id":"https:\/\/johntalabotschool.com\/#website"},"datePublished":"2023-03-12T12:21:43+00:00","dateModified":"2023-04-03T05:08:06+00:00","breadcrumb":{"@id":"https:\/\/johntalabotschool.com\/es\/carta-de-bienvenida\/#breadcrumb"},"inLanguage":"es","potentialAction":[{"@type":"ReadAction","target":["https:\/\/johntalabotschool.com\/es\/carta-de-bienvenida\/"]}]},{"@type":"BreadcrumbList","@id":"https:\/\/johntalabotschool.com\/es\/carta-de-bienvenida\/#breadcrumb","itemListElement":[{"@type":"ListItem","position":1,"name":"Home","item":"https:\/\/johntalabotschool.com\/"},{"@type":"ListItem","position":2,"name":"Carta de Bienvenida"}]},{"@type":"WebSite","@id":"https:\/\/johntalabotschool.com\/#website","url":"https:\/\/johntalabotschool.com\/","name":"John Talabot School","description":"","publisher":{"@id":"https:\/\/johntalabotschool.com\/#organization"},"potentialAction":[{"@type":"SearchAction","target":{"@type":"EntryPoint","urlTemplate":"https:\/\/johntalabotschool.com\/?s={search_term_string}"},"query-input":"required name=search_term_string"}],"inLanguage":"es"},{"@type":"Organization","@id":"https:\/\/johntalabotschool.com\/#organization","name":"John Talabot School Barcelona","alternateName":"John Talabot","url":"https:\/\/johntalabotschool.com\/","logo":{"@type":"ImageObject","inLanguage":"es","@id":"https:\/\/johntalabotschool.com\/#\/schema\/logo\/image\/","url":"https:\/\/johntalabotschool.com\/wp-content\/uploads\/2023\/03\/john-talabol-logo-q.webp","contentUrl":"https:\/\/johntalabotschool.com\/wp-content\/uploads\/2023\/03\/john-talabol-logo-q.webp","width":550,"height":550,"caption":"John Talabot School Barcelona"},"image":{"@id":"https:\/\/johntalabotschool.com\/#\/schema\/logo\/image\/"}}]}},"_links":{"self":[{"href":"https:\/\/johntalabotschool.com\/es\/wp-json\/wp\/v2\/pages\/1022","targetHints":{"allow":["GET"]}}],"collection":[{"href":"https:\/\/johntalabotschool.com\/es\/wp-json\/wp\/v2\/pages"}],"about":[{"href":"https:\/\/johntalabotschool.com\/es\/wp-json\/wp\/v2\/types\/page"}],"author":[{"embeddable":true,"href":"https:\/\/johntalabotschool.com\/es\/wp-json\/wp\/v2\/users\/1"}],"replies":[{"embeddable":true,"href":"https:\/\/johntalabotschool.com\/es\/wp-json\/wp\/v2\/comments?post=1022"}],"version-history":[{"count":2,"href":"https:\/\/johntalabotschool.com\/es\/wp-json\/wp\/v2\/pages\/1022\/revisions"}],"predecessor-version":[{"id":1028,"href":"https:\/\/johntalabotschool.com\/es\/wp-json\/wp\/v2\/pages\/1022\/revisions\/1028"}],"wp:featuredmedia":[{"embeddable":true,"href":"https:\/\/johntalabotschool.com\/es\/wp-json\/wp\/v2\/media\/7510"}],"wp:attachment":[{"href":"https:\/\/johntalabotschool.com\/es\/wp-json\/wp\/v2\/media?parent=1022"}],"curies":[{"name":"wp","href":"https:\/\/api.w.org\/{rel}","templated":true}]}}