{"id":5289,"date":"2025-01-29T18:16:56","date_gmt":"2025-01-29T17:16:56","guid":{"rendered":"https:\/\/johntalabotschool.com\/vincles\/"},"modified":"2025-02-03T15:50:18","modified_gmt":"2025-02-03T14:50:18","slug":"vincles","status":"publish","type":"page","link":"https:\/\/johntalabotschool.com\/ca\/vincles\/","title":{"rendered":"Vincles"},"content":{"rendered":"<p>[et_pb_section fb_built=&#8221;1&#8243; _builder_version=&#8221;4.20.0&#8243; _module_preset=&#8221;default&#8221; global_colors_info=&#8221;{}&#8221;][et_pb_row _builder_version=&#8221;4.20.0&#8243; _module_preset=&#8221;default&#8221; global_colors_info=&#8221;{}&#8221;][et_pb_column type=&#8221;4_4&#8243; _builder_version=&#8221;4.20.0&#8243; _module_preset=&#8221;default&#8221; global_colors_info=&#8221;{}&#8221;][et_pb_text _builder_version=&#8221;4.27.0&#8243; _module_preset=&#8221;default&#8221; custom_margin=&#8221;||||false|false&#8221; custom_margin_tablet=&#8221;||||false|false&#8221; custom_margin_phone=&#8221;||||false|false&#8221; custom_margin_last_edited=&#8221;off|phone&#8221; global_colors_info=&#8221;{}&#8221;]<\/p>\n<h1>La Nostra Newsletter<\/h1>\n<p>[\/et_pb_text][et_pb_text _builder_version=&#8221;4.27.0&#8243; _module_preset=&#8221;default&#8221; custom_margin=&#8221;||40px||false|false&#8221; custom_margin_tablet=&#8221;||40px||false|false&#8221; custom_margin_phone=&#8221;||20px||false|false&#8221; custom_margin_last_edited=&#8221;on|phone&#8221; global_colors_info=&#8221;{}&#8221;]<\/p>\n<p><strong>VINCLES<\/strong> \u00e9s un projecte de comunicaci\u00f3 mensual que t\u00e9 com a objectiu fomentar la connexi\u00f3 entre l&#8217;escola i la seva comunitat, creant una relaci\u00f3 propera, enriquidora i compromesa amb les fam\u00edlies i l&#8217;entorn educatiu.<\/p>\n<p>[\/et_pb_text][et_pb_text _builder_version=&#8221;4.27.0&#8243; _module_preset=&#8221;default&#8221; custom_margin=&#8221;||40px||false|false&#8221; global_module=&#8221;5265&#8243; global_colors_info=&#8221;{}&#8221;]<\/p>\n<p><a class=\"btn-icona mes\" href=\"https:\/\/johntalabotschool.com\/wp-content\/uploads\/2025\/02\/VinclesEnero2025-1.pdf\" target=\"_blank\" rel=\"noopener\">VINCLES n\u00ba1 &#8211; 01\/2025<\/a><\/p>\n<p>[\/et_pb_text][et_pb_text _builder_version=&#8221;4.27.0&#8243; _module_preset=&#8221;default&#8221; custom_margin=&#8221;||40px||false|false&#8221; custom_margin_tablet=&#8221;||40px||false|false&#8221; custom_margin_phone=&#8221;||20px||false|false&#8221; custom_margin_last_edited=&#8221;on|phone&#8221; hover_enabled=&#8221;0&#8243; global_colors_info=&#8221;{}&#8221; sticky_enabled=&#8221;0&#8243;]<\/p>\n<p><span>Al mateix temps, els nostres estudiants elaboren <strong>TALABOT REPORT<\/strong>, la nostra revista estudiantil que els converteix en aut\u00e8ntics periodistes, donant-los veu per investigar, redactar i publicar continguts sobre temes d\u2019inter\u00e8s escolar i cultural. Amb aques projecte escolar, fomentem el pensament cr\u00edtic, la creativitat i el treball en equip, a m\u00e9s de potenciar les seves habilitats de comunicaci\u00f3. A trav\u00e9s d\u2019aquest enlla\u00e7, podreu accedir sempre a la versi\u00f3 actualitzada del <strong>TALABOT REPORT: <a href=\"https:\/\/talabot.junior-report.media\/\" target=\"_blank\" rel=\"noopener\">LINK<\/a><\/strong><\/span><\/p>\n<p>[\/et_pb_text][\/et_pb_column][\/et_pb_row][\/et_pb_section]<\/p>\n","protected":false},"excerpt":{"rendered":"<p>La Nostra NewsletterVINCLES \u00e9s un projecte de comunicaci\u00f3 mensual que t\u00e9 com a objectiu fomentar la connexi\u00f3 entre l&#8217;escola i la seva comunitat, creant una relaci\u00f3 propera, enriquidora i compromesa [&hellip;]<\/p>\n","protected":false},"author":7,"featured_media":1498,"parent":0,"menu_order":0,"comment_status":"closed","ping_status":"closed","template":"","meta":{"_et_pb_use_builder":"on","_et_pb_old_content":"","_et_gb_content_width":"","inline_featured_image":false,"footnotes":""},"class_list":["post-5289","page","type-page","status-publish","has-post-thumbnail","hentry"],"acf":[],"yoast_head":"<!-- This site is optimized with the Yoast SEO plugin v20.5 - https:\/\/yoast.com\/wordpress\/plugins\/seo\/ -->\n<title>Vincles - John Talabot School<\/title>\n<meta name=\"robots\" content=\"index, follow, max-snippet:-1, max-image-preview:large, max-video-preview:-1\" \/>\n<link rel=\"canonical\" href=\"https:\/\/johntalabotschool.com\/vincles\/\" \/>\n<meta property=\"og:locale\" content=\"ca_ES\" \/>\n<meta property=\"og:type\" content=\"article\" \/>\n<meta property=\"og:title\" content=\"Vincles - John Talabot School\" \/>\n<meta property=\"og:description\" content=\"La Nostra NewsletterVINCLES \u00e9s un projecte de comunicaci\u00f3 mensual que t\u00e9 com a objectiu fomentar la connexi\u00f3 entre l&#039;escola i la seva comunitat, creant una relaci\u00f3 propera, enriquidora i compromesa [&hellip;]\" \/>\n<meta property=\"og:url\" content=\"https:\/\/johntalabotschool.com\/vincles\/\" \/>\n<meta property=\"og:site_name\" content=\"John Talabot School\" \/>\n<meta property=\"article:modified_time\" content=\"2025-02-03T14:50:18+00:00\" \/>\n<meta property=\"og:image\" content=\"https:\/\/johntalabotschool.com\/wp-content\/uploads\/2023\/11\/20231003_135956-scaled-e1700135411225.jpg\" \/>\n\t<meta property=\"og:image:width\" content=\"2560\" \/>\n\t<meta property=\"og:image:height\" content=\"2560\" \/>\n\t<meta property=\"og:image:type\" content=\"image\/jpeg\" \/>\n<meta name=\"twitter:card\" content=\"summary_large_image\" \/>\n<meta name=\"twitter:label1\" content=\"Temps estimat de lectura\" \/>\n\t<meta name=\"twitter:data1\" content=\"1 minut\" \/>\n<script type=\"application\/ld+json\" class=\"yoast-schema-graph\">{\"@context\":\"https:\/\/schema.org\",\"@graph\":[{\"@type\":\"WebPage\",\"@id\":\"https:\/\/johntalabotschool.com\/vincles\/\",\"url\":\"https:\/\/johntalabotschool.com\/vincles\/\",\"name\":\"Vincles - John Talabot School\",\"isPartOf\":{\"@id\":\"https:\/\/johntalabotschool.com\/#website\"},\"datePublished\":\"2025-01-29T17:16:56+00:00\",\"dateModified\":\"2025-02-03T14:50:18+00:00\",\"breadcrumb\":{\"@id\":\"https:\/\/johntalabotschool.com\/vincles\/#breadcrumb\"},\"inLanguage\":\"ca\",\"potentialAction\":[{\"@type\":\"ReadAction\",\"target\":[\"https:\/\/johntalabotschool.com\/vincles\/\"]}]},{\"@type\":\"BreadcrumbList\",\"@id\":\"https:\/\/johntalabotschool.com\/vincles\/#breadcrumb\",\"itemListElement\":[{\"@type\":\"ListItem\",\"position\":1,\"name\":\"Home\",\"item\":\"https:\/\/johntalabotschool.com\/\"},{\"@type\":\"ListItem\",\"position\":2,\"name\":\"Vincles\"}]},{\"@type\":\"WebSite\",\"@id\":\"https:\/\/johntalabotschool.com\/#website\",\"url\":\"https:\/\/johntalabotschool.com\/\",\"name\":\"John Talabot School\",\"description\":\"\",\"publisher\":{\"@id\":\"https:\/\/johntalabotschool.com\/#organization\"},\"potentialAction\":[{\"@type\":\"SearchAction\",\"target\":{\"@type\":\"EntryPoint\",\"urlTemplate\":\"https:\/\/johntalabotschool.com\/?s={search_term_string}\"},\"query-input\":\"required name=search_term_string\"}],\"inLanguage\":\"ca\"},{\"@type\":\"Organization\",\"@id\":\"https:\/\/johntalabotschool.com\/#organization\",\"name\":\"John Talabot School Barcelona\",\"alternateName\":\"John Talabot\",\"url\":\"https:\/\/johntalabotschool.com\/\",\"logo\":{\"@type\":\"ImageObject\",\"inLanguage\":\"ca\",\"@id\":\"https:\/\/johntalabotschool.com\/#\/schema\/logo\/image\/\",\"url\":\"https:\/\/johntalabotschool.com\/wp-content\/uploads\/2023\/03\/john-talabol-logo-q.webp\",\"contentUrl\":\"https:\/\/johntalabotschool.com\/wp-content\/uploads\/2023\/03\/john-talabol-logo-q.webp\",\"width\":550,\"height\":550,\"caption\":\"John Talabot School Barcelona\"},\"image\":{\"@id\":\"https:\/\/johntalabotschool.com\/#\/schema\/logo\/image\/\"}}]}<\/script>\n<!-- \/ Yoast SEO plugin. -->","yoast_head_json":{"title":"Vincles - John Talabot School","robots":{"index":"index","follow":"follow","max-snippet":"max-snippet:-1","max-image-preview":"max-image-preview:large","max-video-preview":"max-video-preview:-1"},"canonical":"https:\/\/johntalabotschool.com\/vincles\/","og_locale":"ca_ES","og_type":"article","og_title":"Vincles - John Talabot School","og_description":"La Nostra NewsletterVINCLES \u00e9s un projecte de comunicaci\u00f3 mensual que t\u00e9 com a objectiu fomentar la connexi\u00f3 entre l'escola i la seva comunitat, creant una relaci\u00f3 propera, enriquidora i compromesa [&hellip;]","og_url":"https:\/\/johntalabotschool.com\/vincles\/","og_site_name":"John Talabot School","article_modified_time":"2025-02-03T14:50:18+00:00","og_image":[{"width":2560,"height":2560,"url":"https:\/\/johntalabotschool.com\/wp-content\/uploads\/2023\/11\/20231003_135956-scaled-e1700135411225.jpg","type":"image\/jpeg"}],"twitter_card":"summary_large_image","twitter_misc":{"Temps estimat de lectura":"1 minut"},"schema":{"@context":"https:\/\/schema.org","@graph":[{"@type":"WebPage","@id":"https:\/\/johntalabotschool.com\/vincles\/","url":"https:\/\/johntalabotschool.com\/vincles\/","name":"Vincles - John Talabot School","isPartOf":{"@id":"https:\/\/johntalabotschool.com\/#website"},"datePublished":"2025-01-29T17:16:56+00:00","dateModified":"2025-02-03T14:50:18+00:00","breadcrumb":{"@id":"https:\/\/johntalabotschool.com\/vincles\/#breadcrumb"},"inLanguage":"ca","potentialAction":[{"@type":"ReadAction","target":["https:\/\/johntalabotschool.com\/vincles\/"]}]},{"@type":"BreadcrumbList","@id":"https:\/\/johntalabotschool.com\/vincles\/#breadcrumb","itemListElement":[{"@type":"ListItem","position":1,"name":"Home","item":"https:\/\/johntalabotschool.com\/"},{"@type":"ListItem","position":2,"name":"Vincles"}]},{"@type":"WebSite","@id":"https:\/\/johntalabotschool.com\/#website","url":"https:\/\/johntalabotschool.com\/","name":"John Talabot School","description":"","publisher":{"@id":"https:\/\/johntalabotschool.com\/#organization"},"potentialAction":[{"@type":"SearchAction","target":{"@type":"EntryPoint","urlTemplate":"https:\/\/johntalabotschool.com\/?s={search_term_string}"},"query-input":"required name=search_term_string"}],"inLanguage":"ca"},{"@type":"Organization","@id":"https:\/\/johntalabotschool.com\/#organization","name":"John Talabot School Barcelona","alternateName":"John Talabot","url":"https:\/\/johntalabotschool.com\/","logo":{"@type":"ImageObject","inLanguage":"ca","@id":"https:\/\/johntalabotschool.com\/#\/schema\/logo\/image\/","url":"https:\/\/johntalabotschool.com\/wp-content\/uploads\/2023\/03\/john-talabol-logo-q.webp","contentUrl":"https:\/\/johntalabotschool.com\/wp-content\/uploads\/2023\/03\/john-talabol-logo-q.webp","width":550,"height":550,"caption":"John Talabot School Barcelona"},"image":{"@id":"https:\/\/johntalabotschool.com\/#\/schema\/logo\/image\/"}}]}},"_links":{"self":[{"href":"https:\/\/johntalabotschool.com\/ca\/wp-json\/wp\/v2\/pages\/5289","targetHints":{"allow":["GET"]}}],"collection":[{"href":"https:\/\/johntalabotschool.com\/ca\/wp-json\/wp\/v2\/pages"}],"about":[{"href":"https:\/\/johntalabotschool.com\/ca\/wp-json\/wp\/v2\/types\/page"}],"author":[{"embeddable":true,"href":"https:\/\/johntalabotschool.com\/ca\/wp-json\/wp\/v2\/users\/7"}],"replies":[{"embeddable":true,"href":"https:\/\/johntalabotschool.com\/ca\/wp-json\/wp\/v2\/comments?post=5289"}],"version-history":[{"count":3,"href":"https:\/\/johntalabotschool.com\/ca\/wp-json\/wp\/v2\/pages\/5289\/revisions"}],"predecessor-version":[{"id":5374,"href":"https:\/\/johntalabotschool.com\/ca\/wp-json\/wp\/v2\/pages\/5289\/revisions\/5374"}],"wp:featuredmedia":[{"embeddable":true,"href":"https:\/\/johntalabotschool.com\/ca\/wp-json\/wp\/v2\/media\/1498"}],"wp:attachment":[{"href":"https:\/\/johntalabotschool.com\/ca\/wp-json\/wp\/v2\/media?parent=5289"}],"curies":[{"name":"wp","href":"https:\/\/api.w.org\/{rel}","templated":true}]}}