{"id":1137,"date":"2023-04-07T17:38:00","date_gmt":"2023-04-07T15:38:00","guid":{"rendered":"https:\/\/johntalabotschool.com\/how-do-we-understand-education\/"},"modified":"2023-04-07T17:48:47","modified_gmt":"2023-04-07T15:48:47","slug":"com-entenem-leducacio","status":"publish","type":"page","link":"https:\/\/johntalabotschool.com\/ca\/com-entenem-leducacio\/","title":{"rendered":"Com entenem l\u2019educaci\u00f3?"},"content":{"rendered":"<p>[et_pb_section fb_built=&#8221;1&#8243; _builder_version=&#8221;4.20.0&#8243; _module_preset=&#8221;default&#8221; global_colors_info=&#8221;{}&#8221;][et_pb_row _builder_version=&#8221;4.20.0&#8243; _module_preset=&#8221;default&#8221; global_colors_info=&#8221;{}&#8221;][et_pb_column type=&#8221;4_4&#8243; _builder_version=&#8221;4.20.0&#8243; _module_preset=&#8221;default&#8221; global_colors_info=&#8221;{}&#8221;][et_pb_text _builder_version=&#8221;4.20.0&#8243; _module_preset=&#8221;default&#8221; hover_enabled=&#8221;0&#8243; global_colors_info=&#8221;{}&#8221; sticky_enabled=&#8221;0&#8243;]<\/p>\n<h1>Com entenem l\u2019educaci\u00f3?<\/h1>\n<p>L\u2019equip directiu i tota la comunitat educativa del Col\u00b7legi John Talabot reflecteix en la seva activitat di\u00e0ria uns VALORS COMPARTITS: entenem que som model d\u2019aprenentatge pels alumnes i que compartim la responsabilitat d\u2019ajudar-los a formar-se com a persones:<\/p>\n<p>Aprenem en llengua anglesa perqu\u00e8 creiem que proporciona riquesa cultural i \u00e9s la clau que ens obre al m\u00f3n actual i futur.<\/p>\n<p>Tenim un tracte proper i personalitzat entre tots els membres de la comunitat escolar, sense deixar de banda el respecte, l\u2019assertivitat i les bones maneres. L\u2019alumne\/a ha de cr\u00e9ixer acompanyat.<\/p>\n<p>Donem resposta a les necessitats tant acad\u00e8miques com personals de l\u2019alumnat.<\/p>\n<p>Coneixem el marc vivencial de cada alumne\/a amb la finalitat que l\u2019escola pugui ser una eina orientadora per a l\u2019alumnat i les fam\u00edlies.<\/p>\n<p>Orientem l\u2019aprenentatge de l&#8217;alumnat per potenciar al m\u00e0xim les seves possibilitats i els seus talents.<\/p>\n<p>Tractem l\u2019alumnat segons el principi d\u2019equitat: l\u2019alumnat ha ser avaluat segons les seves capacitats\/habilitats i a la vegada amb una vocaci\u00f3 incondicional d\u2019excel\u00b7l\u00e8ncia.<\/p>\n<p>Impulsem la motivaci\u00f3 i les ganes d\u2019aprendre en el nostre alumnat. Per aix\u00f2 hem d\u2019apropar els continguts a la vida di\u00e0ria dels infants. L\u2019objectiu \u00e9s poder aplicar all\u00f2 que aprenen.<\/p>\n<p>Entenem l\u2019educaci\u00f3 com la clau de les oportunitats per a superar les desigualtats i crear una societat millor, m\u00e9s justa i m\u00e9s desenvolupada.<\/p>\n<p>Som autocr\u00edtics i transparents: tenim l\u2019actitud de voler formar-nos i de sempre millorar com a docents.<\/p>\n<p>Treballem amb persones i aix\u00f2 implica tenir una actitud oberta, flexible i conciliadora.<\/p>\n<p>Volem conviure i ensenyar a conviure: amb di\u00e0leg, amb coher\u00e8ncia, amb integritat i honestedat amb una actitud positiva i responsable.<\/p>\n<p>[\/et_pb_text][\/et_pb_column][\/et_pb_row][\/et_pb_section]<\/p>\n","protected":false},"excerpt":{"rendered":"<p>Com entenem l\u2019educaci\u00f3? L\u2019equip directiu i tota la comunitat educativa del Col\u00b7legi John Talabot reflecteix en la seva activitat di\u00e0ria uns VALORS COMPARTITS: entenem que som model d\u2019aprenentatge pels alumnes [&hellip;]<\/p>\n","protected":false},"author":1,"featured_media":7506,"parent":0,"menu_order":0,"comment_status":"closed","ping_status":"closed","template":"","meta":{"_et_pb_use_builder":"on","_et_pb_old_content":"","_et_gb_content_width":"","inline_featured_image":false,"footnotes":""},"class_list":["post-1137","page","type-page","status-publish","has-post-thumbnail","hentry"],"acf":[],"yoast_head":"<!-- This site is optimized with the Yoast SEO plugin v20.5 - https:\/\/yoast.com\/wordpress\/plugins\/seo\/ -->\n<title>Com entenem l\u2019educaci\u00f3? - John Talabot School<\/title>\n<meta name=\"robots\" content=\"index, follow, max-snippet:-1, max-image-preview:large, max-video-preview:-1\" \/>\n<link rel=\"canonical\" href=\"https:\/\/johntalabotschool.com\/ca\/com-entenem-leducacio\/\" \/>\n<meta property=\"og:locale\" content=\"ca_ES\" \/>\n<meta property=\"og:type\" content=\"article\" \/>\n<meta property=\"og:title\" content=\"Com entenem l\u2019educaci\u00f3? - John Talabot School\" \/>\n<meta property=\"og:description\" content=\"Com entenem l\u2019educaci\u00f3? L\u2019equip directiu i tota la comunitat educativa del Col\u00b7legi John Talabot reflecteix en la seva activitat di\u00e0ria uns VALORS COMPARTITS: entenem que som model d\u2019aprenentatge pels alumnes [&hellip;]\" \/>\n<meta property=\"og:url\" content=\"https:\/\/johntalabotschool.com\/ca\/com-entenem-leducacio\/\" \/>\n<meta property=\"og:site_name\" content=\"John Talabot School\" \/>\n<meta property=\"article:modified_time\" content=\"2023-04-07T15:48:47+00:00\" \/>\n<meta property=\"og:image\" content=\"https:\/\/johntalabotschool.com\/wp-content\/uploads\/2023\/03\/background-image3.webp\" \/>\n\t<meta property=\"og:image:width\" content=\"2000\" \/>\n\t<meta property=\"og:image:height\" content=\"746\" \/>\n\t<meta property=\"og:image:type\" content=\"image\/webp\" \/>\n<meta name=\"twitter:card\" content=\"summary_large_image\" \/>\n<meta name=\"twitter:label1\" content=\"Temps estimat de lectura\" \/>\n\t<meta name=\"twitter:data1\" content=\"2 minuts\" \/>\n<script type=\"application\/ld+json\" class=\"yoast-schema-graph\">{\"@context\":\"https:\/\/schema.org\",\"@graph\":[{\"@type\":\"WebPage\",\"@id\":\"https:\/\/johntalabotschool.com\/ca\/com-entenem-leducacio\/\",\"url\":\"https:\/\/johntalabotschool.com\/ca\/com-entenem-leducacio\/\",\"name\":\"Com entenem l\u2019educaci\u00f3? - John Talabot School\",\"isPartOf\":{\"@id\":\"https:\/\/johntalabotschool.com\/#website\"},\"datePublished\":\"2023-04-07T15:38:00+00:00\",\"dateModified\":\"2023-04-07T15:48:47+00:00\",\"breadcrumb\":{\"@id\":\"https:\/\/johntalabotschool.com\/ca\/com-entenem-leducacio\/#breadcrumb\"},\"inLanguage\":\"ca\",\"potentialAction\":[{\"@type\":\"ReadAction\",\"target\":[\"https:\/\/johntalabotschool.com\/ca\/com-entenem-leducacio\/\"]}]},{\"@type\":\"BreadcrumbList\",\"@id\":\"https:\/\/johntalabotschool.com\/ca\/com-entenem-leducacio\/#breadcrumb\",\"itemListElement\":[{\"@type\":\"ListItem\",\"position\":1,\"name\":\"Home\",\"item\":\"https:\/\/johntalabotschool.com\/\"},{\"@type\":\"ListItem\",\"position\":2,\"name\":\"Com entenem l\u2019educaci\u00f3?\"}]},{\"@type\":\"WebSite\",\"@id\":\"https:\/\/johntalabotschool.com\/#website\",\"url\":\"https:\/\/johntalabotschool.com\/\",\"name\":\"John Talabot School\",\"description\":\"\",\"publisher\":{\"@id\":\"https:\/\/johntalabotschool.com\/#organization\"},\"potentialAction\":[{\"@type\":\"SearchAction\",\"target\":{\"@type\":\"EntryPoint\",\"urlTemplate\":\"https:\/\/johntalabotschool.com\/?s={search_term_string}\"},\"query-input\":\"required name=search_term_string\"}],\"inLanguage\":\"ca\"},{\"@type\":\"Organization\",\"@id\":\"https:\/\/johntalabotschool.com\/#organization\",\"name\":\"John Talabot School Barcelona\",\"alternateName\":\"John Talabot\",\"url\":\"https:\/\/johntalabotschool.com\/\",\"logo\":{\"@type\":\"ImageObject\",\"inLanguage\":\"ca\",\"@id\":\"https:\/\/johntalabotschool.com\/#\/schema\/logo\/image\/\",\"url\":\"https:\/\/johntalabotschool.com\/wp-content\/uploads\/2023\/03\/john-talabol-logo-q.webp\",\"contentUrl\":\"https:\/\/johntalabotschool.com\/wp-content\/uploads\/2023\/03\/john-talabol-logo-q.webp\",\"width\":550,\"height\":550,\"caption\":\"John Talabot School Barcelona\"},\"image\":{\"@id\":\"https:\/\/johntalabotschool.com\/#\/schema\/logo\/image\/\"}}]}<\/script>\n<!-- \/ Yoast SEO plugin. -->","yoast_head_json":{"title":"Com entenem l\u2019educaci\u00f3? - John Talabot School","robots":{"index":"index","follow":"follow","max-snippet":"max-snippet:-1","max-image-preview":"max-image-preview:large","max-video-preview":"max-video-preview:-1"},"canonical":"https:\/\/johntalabotschool.com\/ca\/com-entenem-leducacio\/","og_locale":"ca_ES","og_type":"article","og_title":"Com entenem l\u2019educaci\u00f3? - John Talabot School","og_description":"Com entenem l\u2019educaci\u00f3? L\u2019equip directiu i tota la comunitat educativa del Col\u00b7legi John Talabot reflecteix en la seva activitat di\u00e0ria uns VALORS COMPARTITS: entenem que som model d\u2019aprenentatge pels alumnes [&hellip;]","og_url":"https:\/\/johntalabotschool.com\/ca\/com-entenem-leducacio\/","og_site_name":"John Talabot School","article_modified_time":"2023-04-07T15:48:47+00:00","og_image":[{"width":2000,"height":746,"url":"https:\/\/johntalabotschool.com\/wp-content\/uploads\/2023\/03\/background-image3.webp","type":"image\/webp"}],"twitter_card":"summary_large_image","twitter_misc":{"Temps estimat de lectura":"2 minuts"},"schema":{"@context":"https:\/\/schema.org","@graph":[{"@type":"WebPage","@id":"https:\/\/johntalabotschool.com\/ca\/com-entenem-leducacio\/","url":"https:\/\/johntalabotschool.com\/ca\/com-entenem-leducacio\/","name":"Com entenem l\u2019educaci\u00f3? - John Talabot School","isPartOf":{"@id":"https:\/\/johntalabotschool.com\/#website"},"datePublished":"2023-04-07T15:38:00+00:00","dateModified":"2023-04-07T15:48:47+00:00","breadcrumb":{"@id":"https:\/\/johntalabotschool.com\/ca\/com-entenem-leducacio\/#breadcrumb"},"inLanguage":"ca","potentialAction":[{"@type":"ReadAction","target":["https:\/\/johntalabotschool.com\/ca\/com-entenem-leducacio\/"]}]},{"@type":"BreadcrumbList","@id":"https:\/\/johntalabotschool.com\/ca\/com-entenem-leducacio\/#breadcrumb","itemListElement":[{"@type":"ListItem","position":1,"name":"Home","item":"https:\/\/johntalabotschool.com\/"},{"@type":"ListItem","position":2,"name":"Com entenem l\u2019educaci\u00f3?"}]},{"@type":"WebSite","@id":"https:\/\/johntalabotschool.com\/#website","url":"https:\/\/johntalabotschool.com\/","name":"John Talabot School","description":"","publisher":{"@id":"https:\/\/johntalabotschool.com\/#organization"},"potentialAction":[{"@type":"SearchAction","target":{"@type":"EntryPoint","urlTemplate":"https:\/\/johntalabotschool.com\/?s={search_term_string}"},"query-input":"required name=search_term_string"}],"inLanguage":"ca"},{"@type":"Organization","@id":"https:\/\/johntalabotschool.com\/#organization","name":"John Talabot School Barcelona","alternateName":"John Talabot","url":"https:\/\/johntalabotschool.com\/","logo":{"@type":"ImageObject","inLanguage":"ca","@id":"https:\/\/johntalabotschool.com\/#\/schema\/logo\/image\/","url":"https:\/\/johntalabotschool.com\/wp-content\/uploads\/2023\/03\/john-talabol-logo-q.webp","contentUrl":"https:\/\/johntalabotschool.com\/wp-content\/uploads\/2023\/03\/john-talabol-logo-q.webp","width":550,"height":550,"caption":"John Talabot School Barcelona"},"image":{"@id":"https:\/\/johntalabotschool.com\/#\/schema\/logo\/image\/"}}]}},"_links":{"self":[{"href":"https:\/\/johntalabotschool.com\/ca\/wp-json\/wp\/v2\/pages\/1137","targetHints":{"allow":["GET"]}}],"collection":[{"href":"https:\/\/johntalabotschool.com\/ca\/wp-json\/wp\/v2\/pages"}],"about":[{"href":"https:\/\/johntalabotschool.com\/ca\/wp-json\/wp\/v2\/types\/page"}],"author":[{"embeddable":true,"href":"https:\/\/johntalabotschool.com\/ca\/wp-json\/wp\/v2\/users\/1"}],"replies":[{"embeddable":true,"href":"https:\/\/johntalabotschool.com\/ca\/wp-json\/wp\/v2\/comments?post=1137"}],"version-history":[{"count":3,"href":"https:\/\/johntalabotschool.com\/ca\/wp-json\/wp\/v2\/pages\/1137\/revisions"}],"predecessor-version":[{"id":1142,"href":"https:\/\/johntalabotschool.com\/ca\/wp-json\/wp\/v2\/pages\/1137\/revisions\/1142"}],"wp:featuredmedia":[{"embeddable":true,"href":"https:\/\/johntalabotschool.com\/ca\/wp-json\/wp\/v2\/media\/7506"}],"wp:attachment":[{"href":"https:\/\/johntalabotschool.com\/ca\/wp-json\/wp\/v2\/media?parent=1137"}],"curies":[{"name":"wp","href":"https:\/\/api.w.org\/{rel}","templated":true}]}}