{"id":1081,"date":"2023-03-19T20:59:44","date_gmt":"2023-03-19T19:59:44","guid":{"rendered":"https:\/\/johntalabotschool.com\/lunch-room\/"},"modified":"2023-12-18T09:33:54","modified_gmt":"2023-12-18T07:33:54","slug":"menjador","status":"publish","type":"page","link":"https:\/\/johntalabotschool.com\/ca\/menjador\/","title":{"rendered":"Menjador"},"content":{"rendered":"<p>[et_pb_section fb_built=&#8221;1&#8243; _builder_version=&#8221;4.20.0&#8243; _module_preset=&#8221;default&#8221; global_colors_info=&#8221;{}&#8221;][et_pb_row _builder_version=&#8221;4.20.0&#8243; _module_preset=&#8221;default&#8221; global_colors_info=&#8221;{}&#8221;][et_pb_column type=&#8221;4_4&#8243; _builder_version=&#8221;4.20.0&#8243; _module_preset=&#8221;default&#8221; global_colors_info=&#8221;{}&#8221;][et_pb_text _builder_version=&#8221;4.20.0&#8243; _module_preset=&#8221;default&#8221; global_colors_info=&#8221;{}&#8221;]<\/p>\n<h1>Menjador<\/h1>\n<p>El nostre servei de menjador vetlla per oferir el nostre alumnat una dieta saludable i equilibrada.<\/p>\n<p>Una cuina amb gesti\u00f3 pr\u00f2pia que treballa amb prove\u00efdors de primeres marques prioritzant la proximitat i la temporalitat.<\/p>\n<p>Les nostres cuineres Montse, Neus i Juani, des de fa m\u00e9s de 25 anys, preparen men\u00fas mitjan\u00e7ant un sistema d&#8217;elaboraci\u00f3 tradicional.<\/p>\n<p>L\u2019educaci\u00f3 en valors \u00e9s molt present en l&#8217;\u00e0mbit del \u201cmenjador escolar\u201d on ensenyem la import\u00e0ncia de la cura per una dieta saludable i el foment bons h\u00e0bits i bones maneres a la taula, sempre acompanyats del seu professorat.<\/p>\n<p>[\/et_pb_text][et_pb_text content_tablet=&#8221;<\/p>\n<p><a href=%22#%22 class=%22btn-icona mes%22>April menu<\/a><\/p>\n<p><a href=%22#%22 class=%22btn-icona mes%22>April menu gluten-free<\/a><\/p>\n<p><a href=%22#%22 class=%22btn-icona mes%22>Dinner resommendations<\/a><\/p>\n<p>&#8221; content_phone=&#8221;<\/p>\n<p><a href=%22#%22 class=%22btn-icona mes%22>April menu<\/a><\/p>\n<p><a href=%22#%22 class=%22btn-icona mes%22>April menu gluten-free<\/a><\/p>\n<p><a href=%22#%22 class=%22btn-icona mes%22>Dinner resommendations<\/a><\/p>\n<p>&#8221; content_last_edited=&#8221;on|desktop&#8221; _builder_version=&#8221;4.20.4&#8243; _module_preset=&#8221;default&#8221; global_module=&#8221;1086&#8243; saved_tabs=&#8221;all&#8221; global_colors_info=&#8221;{}&#8221;]<\/p>\n<p><a href=\"https:\/\/johntalabotschool.com\/wp-content\/uploads\/2023\/12\/Menu-Dec-23.pdf\" class=\"btn-icona mes\" target=\"_blank\" rel=\"noopener\">December menu<\/a><\/p>\n<p><a href=\"https:\/\/johntalabotschool.com\/wp-content\/uploads\/2023\/12\/Menu-Dec-23-Celiacos.pdf\" target=\"_blank\" rel=\"noopener\" title=\"December menu gluten-free\">December\u00a0 menu gluten-free<\/a><\/p>\n<p><a href=\"#\" class=\"btn-icona mes\">Dinner resommendations<\/a><\/p>\n<p>[\/et_pb_text][\/et_pb_column][\/et_pb_row][\/et_pb_section]<\/p>\n","protected":false},"excerpt":{"rendered":"<p>Menjador El nostre servei de menjador vetlla per oferir el nostre alumnat una dieta saludable i equilibrada. Una cuina amb gesti\u00f3 pr\u00f2pia que treballa amb prove\u00efdors de primeres marques prioritzant [&hellip;]<\/p>\n","protected":false},"author":1,"featured_media":7471,"parent":0,"menu_order":0,"comment_status":"closed","ping_status":"closed","template":"","meta":{"_et_pb_use_builder":"on","_et_pb_old_content":"","_et_gb_content_width":"","inline_featured_image":false,"footnotes":""},"class_list":["post-1081","page","type-page","status-publish","has-post-thumbnail","hentry"],"acf":[],"yoast_head":"<!-- This site is optimized with the Yoast SEO plugin v20.5 - https:\/\/yoast.com\/wordpress\/plugins\/seo\/ -->\n<title>Menjador - John Talabot School<\/title>\n<meta name=\"robots\" content=\"index, follow, max-snippet:-1, max-image-preview:large, max-video-preview:-1\" \/>\n<link rel=\"canonical\" href=\"https:\/\/johntalabotschool.com\/lunch-room\/\" \/>\n<meta property=\"og:locale\" content=\"ca_ES\" \/>\n<meta property=\"og:type\" content=\"article\" \/>\n<meta property=\"og:title\" content=\"Menjador - John Talabot School\" \/>\n<meta property=\"og:description\" content=\"Menjador El nostre servei de menjador vetlla per oferir el nostre alumnat una dieta saludable i equilibrada. Una cuina amb gesti\u00f3 pr\u00f2pia que treballa amb prove\u00efdors de primeres marques prioritzant [&hellip;]\" \/>\n<meta property=\"og:url\" content=\"https:\/\/johntalabotschool.com\/lunch-room\/\" \/>\n<meta property=\"og:site_name\" content=\"John Talabot School\" \/>\n<meta property=\"article:modified_time\" content=\"2023-12-18T07:33:54+00:00\" \/>\n<meta property=\"og:image\" content=\"https:\/\/johntalabotschool.com\/wp-content\/uploads\/2023\/11\/IMG_9428-scaled.jpg\" \/>\n\t<meta property=\"og:image:width\" content=\"2560\" \/>\n\t<meta property=\"og:image:height\" content=\"654\" \/>\n\t<meta property=\"og:image:type\" content=\"image\/jpeg\" \/>\n<meta name=\"twitter:card\" content=\"summary_large_image\" \/>\n<script type=\"application\/ld+json\" class=\"yoast-schema-graph\">{\"@context\":\"https:\/\/schema.org\",\"@graph\":[{\"@type\":\"WebPage\",\"@id\":\"https:\/\/johntalabotschool.com\/lunch-room\/\",\"url\":\"https:\/\/johntalabotschool.com\/lunch-room\/\",\"name\":\"Menjador - John Talabot School\",\"isPartOf\":{\"@id\":\"https:\/\/johntalabotschool.com\/#website\"},\"datePublished\":\"2023-03-19T19:59:44+00:00\",\"dateModified\":\"2023-12-18T07:33:54+00:00\",\"breadcrumb\":{\"@id\":\"https:\/\/johntalabotschool.com\/lunch-room\/#breadcrumb\"},\"inLanguage\":\"ca\",\"potentialAction\":[{\"@type\":\"ReadAction\",\"target\":[\"https:\/\/johntalabotschool.com\/lunch-room\/\"]}]},{\"@type\":\"BreadcrumbList\",\"@id\":\"https:\/\/johntalabotschool.com\/lunch-room\/#breadcrumb\",\"itemListElement\":[{\"@type\":\"ListItem\",\"position\":1,\"name\":\"Home\",\"item\":\"https:\/\/johntalabotschool.com\/\"},{\"@type\":\"ListItem\",\"position\":2,\"name\":\"Menjador\"}]},{\"@type\":\"WebSite\",\"@id\":\"https:\/\/johntalabotschool.com\/#website\",\"url\":\"https:\/\/johntalabotschool.com\/\",\"name\":\"John Talabot School\",\"description\":\"\",\"publisher\":{\"@id\":\"https:\/\/johntalabotschool.com\/#organization\"},\"potentialAction\":[{\"@type\":\"SearchAction\",\"target\":{\"@type\":\"EntryPoint\",\"urlTemplate\":\"https:\/\/johntalabotschool.com\/?s={search_term_string}\"},\"query-input\":\"required name=search_term_string\"}],\"inLanguage\":\"ca\"},{\"@type\":\"Organization\",\"@id\":\"https:\/\/johntalabotschool.com\/#organization\",\"name\":\"John Talabot School Barcelona\",\"alternateName\":\"John Talabot\",\"url\":\"https:\/\/johntalabotschool.com\/\",\"logo\":{\"@type\":\"ImageObject\",\"inLanguage\":\"ca\",\"@id\":\"https:\/\/johntalabotschool.com\/#\/schema\/logo\/image\/\",\"url\":\"https:\/\/johntalabotschool.com\/wp-content\/uploads\/2023\/03\/john-talabol-logo-q.webp\",\"contentUrl\":\"https:\/\/johntalabotschool.com\/wp-content\/uploads\/2023\/03\/john-talabol-logo-q.webp\",\"width\":550,\"height\":550,\"caption\":\"John Talabot School Barcelona\"},\"image\":{\"@id\":\"https:\/\/johntalabotschool.com\/#\/schema\/logo\/image\/\"}}]}<\/script>\n<!-- \/ Yoast SEO plugin. -->","yoast_head_json":{"title":"Menjador - John Talabot School","robots":{"index":"index","follow":"follow","max-snippet":"max-snippet:-1","max-image-preview":"max-image-preview:large","max-video-preview":"max-video-preview:-1"},"canonical":"https:\/\/johntalabotschool.com\/lunch-room\/","og_locale":"ca_ES","og_type":"article","og_title":"Menjador - John Talabot School","og_description":"Menjador El nostre servei de menjador vetlla per oferir el nostre alumnat una dieta saludable i equilibrada. Una cuina amb gesti\u00f3 pr\u00f2pia que treballa amb prove\u00efdors de primeres marques prioritzant [&hellip;]","og_url":"https:\/\/johntalabotschool.com\/lunch-room\/","og_site_name":"John Talabot School","article_modified_time":"2023-12-18T07:33:54+00:00","og_image":[{"width":2560,"height":654,"url":"https:\/\/johntalabotschool.com\/wp-content\/uploads\/2023\/11\/IMG_9428-scaled.jpg","type":"image\/jpeg"}],"twitter_card":"summary_large_image","schema":{"@context":"https:\/\/schema.org","@graph":[{"@type":"WebPage","@id":"https:\/\/johntalabotschool.com\/lunch-room\/","url":"https:\/\/johntalabotschool.com\/lunch-room\/","name":"Menjador - John Talabot School","isPartOf":{"@id":"https:\/\/johntalabotschool.com\/#website"},"datePublished":"2023-03-19T19:59:44+00:00","dateModified":"2023-12-18T07:33:54+00:00","breadcrumb":{"@id":"https:\/\/johntalabotschool.com\/lunch-room\/#breadcrumb"},"inLanguage":"ca","potentialAction":[{"@type":"ReadAction","target":["https:\/\/johntalabotschool.com\/lunch-room\/"]}]},{"@type":"BreadcrumbList","@id":"https:\/\/johntalabotschool.com\/lunch-room\/#breadcrumb","itemListElement":[{"@type":"ListItem","position":1,"name":"Home","item":"https:\/\/johntalabotschool.com\/"},{"@type":"ListItem","position":2,"name":"Menjador"}]},{"@type":"WebSite","@id":"https:\/\/johntalabotschool.com\/#website","url":"https:\/\/johntalabotschool.com\/","name":"John Talabot School","description":"","publisher":{"@id":"https:\/\/johntalabotschool.com\/#organization"},"potentialAction":[{"@type":"SearchAction","target":{"@type":"EntryPoint","urlTemplate":"https:\/\/johntalabotschool.com\/?s={search_term_string}"},"query-input":"required name=search_term_string"}],"inLanguage":"ca"},{"@type":"Organization","@id":"https:\/\/johntalabotschool.com\/#organization","name":"John Talabot School Barcelona","alternateName":"John Talabot","url":"https:\/\/johntalabotschool.com\/","logo":{"@type":"ImageObject","inLanguage":"ca","@id":"https:\/\/johntalabotschool.com\/#\/schema\/logo\/image\/","url":"https:\/\/johntalabotschool.com\/wp-content\/uploads\/2023\/03\/john-talabol-logo-q.webp","contentUrl":"https:\/\/johntalabotschool.com\/wp-content\/uploads\/2023\/03\/john-talabol-logo-q.webp","width":550,"height":550,"caption":"John Talabot School Barcelona"},"image":{"@id":"https:\/\/johntalabotschool.com\/#\/schema\/logo\/image\/"}}]}},"_links":{"self":[{"href":"https:\/\/johntalabotschool.com\/ca\/wp-json\/wp\/v2\/pages\/1081","targetHints":{"allow":["GET"]}}],"collection":[{"href":"https:\/\/johntalabotschool.com\/ca\/wp-json\/wp\/v2\/pages"}],"about":[{"href":"https:\/\/johntalabotschool.com\/ca\/wp-json\/wp\/v2\/types\/page"}],"author":[{"embeddable":true,"href":"https:\/\/johntalabotschool.com\/ca\/wp-json\/wp\/v2\/users\/1"}],"replies":[{"embeddable":true,"href":"https:\/\/johntalabotschool.com\/ca\/wp-json\/wp\/v2\/comments?post=1081"}],"version-history":[{"count":7,"href":"https:\/\/johntalabotschool.com\/ca\/wp-json\/wp\/v2\/pages\/1081\/revisions"}],"predecessor-version":[{"id":1947,"href":"https:\/\/johntalabotschool.com\/ca\/wp-json\/wp\/v2\/pages\/1081\/revisions\/1947"}],"wp:featuredmedia":[{"embeddable":true,"href":"https:\/\/johntalabotschool.com\/ca\/wp-json\/wp\/v2\/media\/7471"}],"wp:attachment":[{"href":"https:\/\/johntalabotschool.com\/ca\/wp-json\/wp\/v2\/media?parent=1081"}],"curies":[{"name":"wp","href":"https:\/\/api.w.org\/{rel}","templated":true}]}}