{"id":1021,"date":"2023-03-12T13:21:43","date_gmt":"2023-03-12T12:21:43","guid":{"rendered":"https:\/\/johntalabotschool.com\/welcoming-letter\/"},"modified":"2023-04-03T07:06:20","modified_gmt":"2023-04-03T05:06:20","slug":"carta-de-benvinguda","status":"publish","type":"page","link":"https:\/\/johntalabotschool.com\/ca\/carta-de-benvinguda\/","title":{"rendered":"Carta de Benvinguda"},"content":{"rendered":"<p>[et_pb_section fb_built=&#8221;1&#8243; _builder_version=&#8221;4.20.0&#8243; _module_preset=&#8221;default&#8221; global_colors_info=&#8221;{}&#8221;][et_pb_row _builder_version=&#8221;4.20.0&#8243; _module_preset=&#8221;default&#8221; global_colors_info=&#8221;{}&#8221;][et_pb_column type=&#8221;4_4&#8243; _builder_version=&#8221;4.20.0&#8243; _module_preset=&#8221;default&#8221; global_colors_info=&#8221;{}&#8221;][et_pb_text _builder_version=&#8221;4.20.0&#8243; _module_preset=&#8221;default&#8221; hover_enabled=&#8221;0&#8243; global_colors_info=&#8221;{}&#8221; sticky_enabled=&#8221;0&#8243;]<\/p>\n<h1 class=\"titular\">Carta de Benvinguda<\/h1>\n<p>[\/et_pb_text][\/et_pb_column][\/et_pb_row][et_pb_row _builder_version=&#8221;4.20.0&#8243; _module_preset=&#8221;default&#8221; global_colors_info=&#8221;{}&#8221;][et_pb_column type=&#8221;4_4&#8243; _builder_version=&#8221;4.20.0&#8243; _module_preset=&#8221;default&#8221; global_colors_info=&#8221;{}&#8221;][et_pb_text _builder_version=&#8221;4.20.0&#8243; _module_preset=&#8221;default&#8221; hover_enabled=&#8221;0&#8243; global_colors_info=&#8221;{}&#8221; sticky_enabled=&#8221;0&#8243;]<\/p>\n<p>Benvinguts al col\u00b7legi John Talabot, un centre educatiu on cada nen i nena troba el seu lloc.<br \/>Som un col\u00b7legi familiar amb una classe per curs i aix\u00f2 ens permet atendre les necessitats de cadascun dels nostres alumnes. Els nens i nenes creixen en un entorn de seguretat i d&#8217;afecte que els permet desenvolupar la seva autoestima i d&#8217;aquesta manera poden assumir els seus drets i obligacions escolars amb tranquil\u00b7litat.<\/p>\n<p>Creiem que cal respectar l&#8217;etapa evolutiva i de maduresa en la qual es troba cada alumne per\u00f2 sense deixar d&#8217;estimular, animar i exigir a ser, dia a dia, m\u00e9s aut\u00f2noms en l\u2019\u00e0mbit personal i acad\u00e8mic.<br \/>Els primers anys d&#8217;escolaritat tenim com a objectiu la felicitat dels nostres alumnes a la seva escola, de manera que els aprenentatges s&#8217;assumeixin en un ambient relaxat i al voltant de les viv\u00e8ncies personals. La prim\u00e0ria \u00e9s la dol\u00e7a etapa en la qual podem potenciar en els nostres alumnes l&#8217;inter\u00e8s i la motivaci\u00f3 per aprendre. Ja en l&#8217;adolesc\u00e8ncia busquem un major grau de responsabilitat i autonomia, tot aix\u00f2 en un clima proper i alhora exigent.<br \/>El nostre projecte triling\u00fce \u00e9s l&#8217;eix del projecte educatiu. A m\u00e9s del benefici acad\u00e8mic que suposa cr\u00e9ixer en un entorn internacional, el nostre projecte proporciona un enriquiment cultural on la conviv\u00e8ncia \u00e9s el valor primordial.<\/p>\n<p>Aquesta conviv\u00e8ncia comen\u00e7a en el professorat on gran part de l&#8217;equip prov\u00e9 de diferents parts del m\u00f3n anglosax\u00f3 de manera que cadascun aporta la seva cultura, la seva experi\u00e8ncia i diferents estils d&#8217;expressar la seva gran vocaci\u00f3 pedag\u00f2gica.<\/p>\n<p>Tot l&#8217;equip que treballa al Col\u00b7legi John Talabot t\u00e9 en com\u00fa la passi\u00f3 per ensenyar, uns valors que ens uneixen en la nostra comesa i l&#8217;esperit de compartir viv\u00e8ncies amb els nostres alumnes. El seu benestar emocional, acad\u00e8mic i el seu complet desenvolupament s\u00f3n la nostra prioritat.<\/p>\n<p>Com a directora d&#8217;aquest col\u00b7legi no vull acomiadar-me sense expressar l&#8217;orgull que sento pels professionals que fan possible aquest col\u00b7legi, pels alumnes que es formen i s&#8217;han format en ell i, en definitiva, per aquest projecte tan singular i tan cuidat que cada dia creix amb afecte, dedicaci\u00f3 i solidesa.<\/p>\n<p>Benvinguts al Col\u00b7legi John Talabot.<\/p>\n<p><img loading=\"lazy\" decoding=\"async\" class=\"wp-image-844 alignnone size-thumbnail\" src=\"https:\/\/johntalabotschool.com\/wp-content\/uploads\/2023\/03\/1Caterin-Triay-Directora-1-150x150.jpg\" alt=\"\" width=\"150\" height=\"150\" srcset=\"https:\/\/johntalabotschool.com\/wp-content\/uploads\/2023\/03\/1Caterin-Triay-Directora-1-150x150.jpg 150w, https:\/\/johntalabotschool.com\/wp-content\/uploads\/2023\/03\/1Caterin-Triay-Directora-1-300x300.jpg 300w, https:\/\/johntalabotschool.com\/wp-content\/uploads\/2023\/03\/1Caterin-Triay-Directora-1.jpg 425w\" sizes=\"auto, (max-width: 150px) 100vw, 150px\" \/><\/p>\n<p><strong>Cater\u00edn Triay <\/strong><\/p>\n<p><strong>Directora.<\/strong><\/p>\n<p>[\/et_pb_text][\/et_pb_column][\/et_pb_row][\/et_pb_section]<\/p>\n","protected":false},"excerpt":{"rendered":"<p>Carta de BenvingudaBenvinguts al col\u00b7legi John Talabot, un centre educatiu on cada nen i nena troba el seu lloc.Som un col\u00b7legi familiar amb una classe per curs i aix\u00f2 ens [&hellip;]<\/p>\n","protected":false},"author":1,"featured_media":7509,"parent":0,"menu_order":0,"comment_status":"closed","ping_status":"closed","template":"","meta":{"_et_pb_use_builder":"on","_et_pb_old_content":"","_et_gb_content_width":"","inline_featured_image":false,"footnotes":""},"class_list":["post-1021","page","type-page","status-publish","has-post-thumbnail","hentry"],"acf":[],"yoast_head":"<!-- This site is optimized with the Yoast SEO plugin v20.5 - https:\/\/yoast.com\/wordpress\/plugins\/seo\/ -->\n<title>Carta de Benvinguda - John Talabot School<\/title>\n<meta name=\"robots\" content=\"index, follow, max-snippet:-1, max-image-preview:large, max-video-preview:-1\" \/>\n<link rel=\"canonical\" href=\"https:\/\/johntalabotschool.com\/ca\/carta-de-benvinguda\/\" \/>\n<meta property=\"og:locale\" content=\"ca_ES\" \/>\n<meta property=\"og:type\" content=\"article\" \/>\n<meta property=\"og:title\" content=\"Carta de Benvinguda - John Talabot School\" \/>\n<meta property=\"og:description\" content=\"Carta de BenvingudaBenvinguts al col\u00b7legi John Talabot, un centre educatiu on cada nen i nena troba el seu lloc.Som un col\u00b7legi familiar amb una classe per curs i aix\u00f2 ens [&hellip;]\" \/>\n<meta property=\"og:url\" content=\"https:\/\/johntalabotschool.com\/ca\/carta-de-benvinguda\/\" \/>\n<meta property=\"og:site_name\" content=\"John Talabot School\" \/>\n<meta property=\"article:modified_time\" content=\"2023-04-03T05:06:20+00:00\" \/>\n<meta property=\"og:image\" content=\"https:\/\/johntalabotschool.com\/wp-content\/uploads\/2023\/03\/background-image3.webp\" \/>\n\t<meta property=\"og:image:width\" content=\"2000\" \/>\n\t<meta property=\"og:image:height\" content=\"746\" \/>\n\t<meta property=\"og:image:type\" content=\"image\/webp\" \/>\n<meta name=\"twitter:card\" content=\"summary_large_image\" \/>\n<meta name=\"twitter:label1\" content=\"Temps estimat de lectura\" \/>\n\t<meta name=\"twitter:data1\" content=\"2 minuts\" \/>\n<script type=\"application\/ld+json\" class=\"yoast-schema-graph\">{\"@context\":\"https:\/\/schema.org\",\"@graph\":[{\"@type\":\"WebPage\",\"@id\":\"https:\/\/johntalabotschool.com\/ca\/carta-de-benvinguda\/\",\"url\":\"https:\/\/johntalabotschool.com\/ca\/carta-de-benvinguda\/\",\"name\":\"Carta de Benvinguda - John Talabot School\",\"isPartOf\":{\"@id\":\"https:\/\/johntalabotschool.com\/#website\"},\"datePublished\":\"2023-03-12T12:21:43+00:00\",\"dateModified\":\"2023-04-03T05:06:20+00:00\",\"breadcrumb\":{\"@id\":\"https:\/\/johntalabotschool.com\/ca\/carta-de-benvinguda\/#breadcrumb\"},\"inLanguage\":\"ca\",\"potentialAction\":[{\"@type\":\"ReadAction\",\"target\":[\"https:\/\/johntalabotschool.com\/ca\/carta-de-benvinguda\/\"]}]},{\"@type\":\"BreadcrumbList\",\"@id\":\"https:\/\/johntalabotschool.com\/ca\/carta-de-benvinguda\/#breadcrumb\",\"itemListElement\":[{\"@type\":\"ListItem\",\"position\":1,\"name\":\"Home\",\"item\":\"https:\/\/johntalabotschool.com\/\"},{\"@type\":\"ListItem\",\"position\":2,\"name\":\"Carta de Benvinguda\"}]},{\"@type\":\"WebSite\",\"@id\":\"https:\/\/johntalabotschool.com\/#website\",\"url\":\"https:\/\/johntalabotschool.com\/\",\"name\":\"John Talabot School\",\"description\":\"\",\"publisher\":{\"@id\":\"https:\/\/johntalabotschool.com\/#organization\"},\"potentialAction\":[{\"@type\":\"SearchAction\",\"target\":{\"@type\":\"EntryPoint\",\"urlTemplate\":\"https:\/\/johntalabotschool.com\/?s={search_term_string}\"},\"query-input\":\"required name=search_term_string\"}],\"inLanguage\":\"ca\"},{\"@type\":\"Organization\",\"@id\":\"https:\/\/johntalabotschool.com\/#organization\",\"name\":\"John Talabot School Barcelona\",\"alternateName\":\"John Talabot\",\"url\":\"https:\/\/johntalabotschool.com\/\",\"logo\":{\"@type\":\"ImageObject\",\"inLanguage\":\"ca\",\"@id\":\"https:\/\/johntalabotschool.com\/#\/schema\/logo\/image\/\",\"url\":\"https:\/\/johntalabotschool.com\/wp-content\/uploads\/2023\/03\/john-talabol-logo-q.webp\",\"contentUrl\":\"https:\/\/johntalabotschool.com\/wp-content\/uploads\/2023\/03\/john-talabol-logo-q.webp\",\"width\":550,\"height\":550,\"caption\":\"John Talabot School Barcelona\"},\"image\":{\"@id\":\"https:\/\/johntalabotschool.com\/#\/schema\/logo\/image\/\"}}]}<\/script>\n<!-- \/ Yoast SEO plugin. -->","yoast_head_json":{"title":"Carta de Benvinguda - John Talabot School","robots":{"index":"index","follow":"follow","max-snippet":"max-snippet:-1","max-image-preview":"max-image-preview:large","max-video-preview":"max-video-preview:-1"},"canonical":"https:\/\/johntalabotschool.com\/ca\/carta-de-benvinguda\/","og_locale":"ca_ES","og_type":"article","og_title":"Carta de Benvinguda - John Talabot School","og_description":"Carta de BenvingudaBenvinguts al col\u00b7legi John Talabot, un centre educatiu on cada nen i nena troba el seu lloc.Som un col\u00b7legi familiar amb una classe per curs i aix\u00f2 ens [&hellip;]","og_url":"https:\/\/johntalabotschool.com\/ca\/carta-de-benvinguda\/","og_site_name":"John Talabot School","article_modified_time":"2023-04-03T05:06:20+00:00","og_image":[{"width":2000,"height":746,"url":"https:\/\/johntalabotschool.com\/wp-content\/uploads\/2023\/03\/background-image3.webp","type":"image\/webp"}],"twitter_card":"summary_large_image","twitter_misc":{"Temps estimat de lectura":"2 minuts"},"schema":{"@context":"https:\/\/schema.org","@graph":[{"@type":"WebPage","@id":"https:\/\/johntalabotschool.com\/ca\/carta-de-benvinguda\/","url":"https:\/\/johntalabotschool.com\/ca\/carta-de-benvinguda\/","name":"Carta de Benvinguda - John Talabot School","isPartOf":{"@id":"https:\/\/johntalabotschool.com\/#website"},"datePublished":"2023-03-12T12:21:43+00:00","dateModified":"2023-04-03T05:06:20+00:00","breadcrumb":{"@id":"https:\/\/johntalabotschool.com\/ca\/carta-de-benvinguda\/#breadcrumb"},"inLanguage":"ca","potentialAction":[{"@type":"ReadAction","target":["https:\/\/johntalabotschool.com\/ca\/carta-de-benvinguda\/"]}]},{"@type":"BreadcrumbList","@id":"https:\/\/johntalabotschool.com\/ca\/carta-de-benvinguda\/#breadcrumb","itemListElement":[{"@type":"ListItem","position":1,"name":"Home","item":"https:\/\/johntalabotschool.com\/"},{"@type":"ListItem","position":2,"name":"Carta de Benvinguda"}]},{"@type":"WebSite","@id":"https:\/\/johntalabotschool.com\/#website","url":"https:\/\/johntalabotschool.com\/","name":"John Talabot School","description":"","publisher":{"@id":"https:\/\/johntalabotschool.com\/#organization"},"potentialAction":[{"@type":"SearchAction","target":{"@type":"EntryPoint","urlTemplate":"https:\/\/johntalabotschool.com\/?s={search_term_string}"},"query-input":"required name=search_term_string"}],"inLanguage":"ca"},{"@type":"Organization","@id":"https:\/\/johntalabotschool.com\/#organization","name":"John Talabot School Barcelona","alternateName":"John Talabot","url":"https:\/\/johntalabotschool.com\/","logo":{"@type":"ImageObject","inLanguage":"ca","@id":"https:\/\/johntalabotschool.com\/#\/schema\/logo\/image\/","url":"https:\/\/johntalabotschool.com\/wp-content\/uploads\/2023\/03\/john-talabol-logo-q.webp","contentUrl":"https:\/\/johntalabotschool.com\/wp-content\/uploads\/2023\/03\/john-talabol-logo-q.webp","width":550,"height":550,"caption":"John Talabot School Barcelona"},"image":{"@id":"https:\/\/johntalabotschool.com\/#\/schema\/logo\/image\/"}}]}},"_links":{"self":[{"href":"https:\/\/johntalabotschool.com\/ca\/wp-json\/wp\/v2\/pages\/1021","targetHints":{"allow":["GET"]}}],"collection":[{"href":"https:\/\/johntalabotschool.com\/ca\/wp-json\/wp\/v2\/pages"}],"about":[{"href":"https:\/\/johntalabotschool.com\/ca\/wp-json\/wp\/v2\/types\/page"}],"author":[{"embeddable":true,"href":"https:\/\/johntalabotschool.com\/ca\/wp-json\/wp\/v2\/users\/1"}],"replies":[{"embeddable":true,"href":"https:\/\/johntalabotschool.com\/ca\/wp-json\/wp\/v2\/comments?post=1021"}],"version-history":[{"count":2,"href":"https:\/\/johntalabotschool.com\/ca\/wp-json\/wp\/v2\/pages\/1021\/revisions"}],"predecessor-version":[{"id":1025,"href":"https:\/\/johntalabotschool.com\/ca\/wp-json\/wp\/v2\/pages\/1021\/revisions\/1025"}],"wp:featuredmedia":[{"embeddable":true,"href":"https:\/\/johntalabotschool.com\/ca\/wp-json\/wp\/v2\/media\/7509"}],"wp:attachment":[{"href":"https:\/\/johntalabotschool.com\/ca\/wp-json\/wp\/v2\/media?parent=1021"}],"curies":[{"name":"wp","href":"https:\/\/api.w.org\/{rel}","templated":true}]}}